{"id":1061,"date":"2018-04-03T17:01:12","date_gmt":"2018-04-03T14:01:12","guid":{"rendered":"http:\/\/www.antbirlik.com.tr\/?page_id=1061"},"modified":"2025-07-16T09:04:58","modified_gmt":"2025-07-16T06:04:58","slug":"vizyon-ve-misyon","status":"publish","type":"page","link":"https:\/\/www.antbirlik.com.tr\/?page_id=1061","title":{"rendered":"Vizyon ve Misyon"},"content":{"rendered":"\t\t<div data-elementor-type=\"wp-page\" data-elementor-id=\"1061\" class=\"elementor elementor-1061\" data-elementor-post-type=\"page\">\n\t\t\t\t<div class=\"elementor-element elementor-element-0e6e858 e-grid e-con-boxed e-con e-parent\" data-id=\"0e6e858\" data-element_type=\"container\" data-settings=\"{&quot;background_background&quot;:&quot;classic&quot;}\">\n\t\t\t\t\t<div class=\"e-con-inner\">\n\t\t\t\t<div class=\"elementor-element elementor-element-ad8e876 elementor-widget elementor-widget-heading\" data-id=\"ad8e876\" data-element_type=\"widget\" data-widget_type=\"heading.default\">\n\t\t\t\t<div class=\"elementor-widget-container\">\n\t\t\t\t\t<h2 class=\"elementor-heading-title elementor-size-default\">V\u0130ZYON VE M\u0130SYON<\/h2>\t\t\t\t<\/div>\n\t\t\t\t<\/div>\n\t\t\t\t<div class=\"elementor-element elementor-element-900f446 elementor-widget elementor-widget-text-editor\" data-id=\"900f446\" data-element_type=\"widget\" data-widget_type=\"text-editor.default\">\n\t\t\t\t<div class=\"elementor-widget-container\">\n\t\t\t\t\t\t\t\t\t<p>S\u00fcrd\u00fcr\u00fclebilir tar\u0131m i\u00e7in g\u00fc\u00e7l\u00fc bir ortakl\u0131k<\/p>\t\t\t\t\t\t\t\t<\/div>\n\t\t\t\t<\/div>\n\t\t\t\t\t<\/div>\n\t\t\t\t<\/div>\n\t\t<div class=\"elementor-element elementor-element-b7429d8 e-con-full e-flex e-con e-parent\" data-id=\"b7429d8\" data-element_type=\"container\">\n\t\t<div class=\"elementor-element elementor-element-d6488de e-flex e-con-boxed e-con e-child\" data-id=\"d6488de\" data-element_type=\"container\" data-settings=\"{&quot;background_background&quot;:&quot;classic&quot;}\">\n\t\t\t\t\t<div class=\"e-con-inner\">\n\t\t<div class=\"elementor-element elementor-element-8c5027d e-con-full e-flex e-con e-child\" data-id=\"8c5027d\" data-element_type=\"container\">\n\t\t<div class=\"elementor-element elementor-element-50c3501 e-con-full e-flex e-con e-child\" data-id=\"50c3501\" data-element_type=\"container\">\n\t\t<div class=\"elementor-element elementor-element-45f4c73 e-con-full e-flex e-con e-child\" data-id=\"45f4c73\" data-element_type=\"container\">\n\t\t\t\t<div class=\"elementor-element elementor-element-d89ae79 elementor-widget elementor-widget-text-editor\" data-id=\"d89ae79\" data-element_type=\"widget\" data-widget_type=\"text-editor.default\">\n\t\t\t\t<div class=\"elementor-widget-container\">\n\t\t\t\t\t\t\t\t\t<p><b>Vizyon<\/b><\/p>\t\t\t\t\t\t\t\t<\/div>\n\t\t\t\t<\/div>\n\t\t\t\t<\/div>\n\t\t\t\t<\/div>\n\t\t<div class=\"elementor-element elementor-element-d125b46 e-con-full e-flex e-con e-child\" data-id=\"d125b46\" data-element_type=\"container\">\n\t\t<div class=\"elementor-element elementor-element-1e329ae e-con-full e-flex e-con e-child\" data-id=\"1e329ae\" data-element_type=\"container\">\n\t\t\t\t<div class=\"elementor-element elementor-element-6bbd8d4 elementor-widget elementor-widget-text-editor\" data-id=\"6bbd8d4\" data-element_type=\"widget\" data-widget_type=\"text-editor.default\">\n\t\t\t\t<div class=\"elementor-widget-container\">\n\t\t\t\t\t\t\t\t\t<p data-start=\"320\" data-end=\"387\"><strong data-start=\"320\" data-end=\"387\">Tar\u0131mda \u00f6nc\u00fcl\u00fc\u011f\u00fc s\u00fcrd\u00fcren, g\u00fcvenilir ve g\u00fc\u00e7l\u00fc bir birlik olmak.<\/strong><\/p><p data-start=\"389\" data-end=\"1300\">Antbirlik olarak vizyonumuz; b\u00f6lgemizde \u00f6zellikle pamuk tar\u0131m\u0131 ba\u015fta olmak \u00fczere, t\u00fcm tar\u0131m dallar\u0131nda s\u00fcrd\u00fcr\u00fclebilir ba\u015far\u0131y\u0131 ve yenilik\u00e7ili\u011fi esas alarak fark yaratan bir yap\u0131 olmakt\u0131r. <strong>\u00c7ift\u00e7ilerimizi te\u015fvik ederek pamuk \u00fcretimini art\u0131rmak, rekabet g\u00fcc\u00fcm\u00fcz\u00fc her zaman dinamik tutmak ve faaliyet alanlar\u0131m\u0131zda tarafs\u0131zl\u0131k ilkesini \u00f6n planda tutmak temel ilkelerimizdendir.<\/strong><br data-start=\"762\" data-end=\"765\" \/>Kurumsal yap\u0131m\u0131z, ortaklar\u0131m\u0131zla kurdu\u011fumuz g\u00fc\u00e7l\u00fc i\u015fbirli\u011fine dayan\u0131r. Bu birliktelikle yaln\u0131zca ekonomik de\u011fil, sosyal kalk\u0131nmay\u0131 da hedefliyoruz. \u00dcr\u00fcnlerimizin yurt i\u00e7i ve yurt d\u0131\u015f\u0131 piyasalarda de\u011ferinde pazarlanmas\u0131n\u0131 sa\u011flayarak ortaklar\u0131m\u0131za daha y\u00fcksek kazan\u00e7lar sunmak; b\u00f6ylece hem b\u00f6lge ekonomisine hem de \u00fclke tar\u0131m\u0131na katk\u0131 sa\u011flamak vizyonumuzun temel ta\u015flar\u0131n\u0131 olu\u015fturmaktad\u0131r.<br data-start=\"1152\" data-end=\"1155\" \/>Hedefimiz, <strong>Antbirlik<\/strong>\u2019i her ge\u00e7en g\u00fcn daha da g\u00fc\u00e7lendirerek, T\u00fcrkiye ekonomisinin g\u00fcvenilir ve lider tar\u0131m kurulu\u015flar\u0131 aras\u0131nda konumland\u0131rmakt\u0131r.<\/p>\t\t\t\t\t\t\t\t<\/div>\n\t\t\t\t<\/div>\n\t\t\t\t<\/div>\n\t\t\t\t<\/div>\n\t\t\t\t<\/div>\n\t\t\t\t\t<\/div>\n\t\t\t\t<\/div>\n\t\t\t\t<\/div>\n\t\t<div class=\"elementor-element elementor-element-e43380a e-con-full e-flex e-con e-parent\" data-id=\"e43380a\" data-element_type=\"container\">\n\t\t<div class=\"elementor-element elementor-element-33640be e-flex e-con-boxed e-con e-child\" data-id=\"33640be\" data-element_type=\"container\" data-settings=\"{&quot;background_background&quot;:&quot;classic&quot;}\">\n\t\t\t\t\t<div class=\"e-con-inner\">\n\t\t<div class=\"elementor-element elementor-element-46371b2 e-con-full e-flex e-con e-child\" data-id=\"46371b2\" data-element_type=\"container\">\n\t\t<div class=\"elementor-element elementor-element-324f7c8 e-con-full e-flex e-con e-child\" data-id=\"324f7c8\" data-element_type=\"container\">\n\t\t<div class=\"elementor-element elementor-element-613ef82 e-con-full e-flex e-con e-child\" data-id=\"613ef82\" data-element_type=\"container\">\n\t\t\t\t<div class=\"elementor-element elementor-element-779a804 elementor-widget elementor-widget-text-editor\" data-id=\"779a804\" data-element_type=\"widget\" data-widget_type=\"text-editor.default\">\n\t\t\t\t<div class=\"elementor-widget-container\">\n\t\t\t\t\t\t\t\t\t<p><b>Misyon<\/b><\/p>\t\t\t\t\t\t\t\t<\/div>\n\t\t\t\t<\/div>\n\t\t\t\t<\/div>\n\t\t\t\t<\/div>\n\t\t<div class=\"elementor-element elementor-element-696620f e-con-full e-flex e-con e-child\" data-id=\"696620f\" data-element_type=\"container\">\n\t\t<div class=\"elementor-element elementor-element-fcc421c e-con-full e-flex e-con e-child\" data-id=\"fcc421c\" data-element_type=\"container\">\n\t\t\t\t<div class=\"elementor-element elementor-element-3da8675 elementor-widget elementor-widget-text-editor\" data-id=\"3da8675\" data-element_type=\"widget\" data-widget_type=\"text-editor.default\">\n\t\t\t\t<div class=\"elementor-widget-container\">\n\t\t\t\t\t\t\t\t\t<p data-start=\"1327\" data-end=\"1435\"><strong data-start=\"1327\" data-end=\"1435\">\u00c7ift\u00e7iyi oda\u011f\u0131na alan, g\u00fc\u00e7l\u00fc kaynaklara dayanan, s\u00fcrd\u00fcr\u00fclebilir bir \u00fcretim birli\u011fi olarak hizmet vermek.<\/strong><\/p><p>Antbirlik\u2019in misyonu; g\u00f6n\u00fcll\u00fcl\u00fck esas\u0131na dayal\u0131 bir \u00fcretici birli\u011fi olarak, ortaklar\u0131m\u0131z\u0131n refah\u0131n\u0131 ve \u00fcretim g\u00fcc\u00fcn\u00fc art\u0131rmak amac\u0131yla faaliyet g\u00f6stermektir.<br \/><b>Bu kapsamda:<\/b><\/p><ul data-start=\"1611\" data-end=\"2208\"><li data-start=\"1611\" data-end=\"1704\"><p data-start=\"1613\" data-end=\"1704\">\u00c7ift\u00e7ilerimizin \u00fcretim maliyetlerini d\u00fc\u015f\u00fcrmeye y\u00f6nelik destek ve \u00e7\u00f6z\u00fcmler geli\u015ftiriyoruz.<\/p><\/li><li data-start=\"1705\" data-end=\"1836\"><p data-start=\"1707\" data-end=\"1836\">Ortaklar\u0131m\u0131z\u0131n her t\u00fcrl\u00fc tar\u0131msal girdiye kolay eri\u015fimini sa\u011fl\u0131yor; g\u00fc\u00e7l\u00fc bir sat\u0131n alma ve tedarik yap\u0131s\u0131yla destek veriyoruz.<\/p><\/li><li data-start=\"1837\" data-end=\"1940\"><p data-start=\"1839\" data-end=\"1940\">Tesislerimizi, \u00e7a\u011fda\u015f tar\u0131m teknolojilerine uygun \u015fekilde modernize ederek verimlili\u011fi art\u0131r\u0131yoruz.<\/p><\/li><li data-start=\"1941\" data-end=\"2067\"><p data-start=\"1943\" data-end=\"2067\">\u00dcreticimizin elde etti\u011fi \u00fcr\u00fcnlerin en verimli \u015fekilde de\u011ferlendirilmesi i\u00e7in pazarlama altyap\u0131m\u0131z\u0131 s\u00fcrekli geli\u015ftiriyoruz.<\/p><\/li><li data-start=\"2068\" data-end=\"2208\"><p data-start=\"2070\" data-end=\"2208\">Antbirlik \u00e7at\u0131s\u0131 alt\u0131nda sa\u011flanan g\u00fc\u00e7 birli\u011fi sayesinde, ortaklar\u0131m\u0131za y\u00fcksek k\u00e2rl\u0131l\u0131k, kurumsal g\u00fcven ve s\u00fcrd\u00fcr\u00fclebilir b\u00fcy\u00fcme sunuyoruz.<\/p><\/li><\/ul><p data-start=\"2210\" data-end=\"2489\">Ayr\u0131ca, piyasada kendi \u00f6z kaynaklar\u0131m\u0131zla marka de\u011feri yaratarak, sadece b\u00f6lgesel de\u011fil ulusal \u00f6l\u00e7ekte de s\u00f6z sahibi bir tar\u0131m kooperatifi olmay\u0131 s\u00fcrd\u00fcr\u00fcyoruz. <strong>T\u00fcm faaliyetlerimizde \u015feffafl\u0131k, hesap verebilirlik ve \u00e7ift\u00e7i odakl\u0131 hizmet anlay\u0131\u015f\u0131 temel misyonumuzu olu\u015fturmaktad\u0131r.<\/strong><\/p>\t\t\t\t\t\t\t\t<\/div>\n\t\t\t\t<\/div>\n\t\t\t\t<\/div>\n\t\t\t\t<\/div>\n\t\t\t\t<\/div>\n\t\t\t\t\t<\/div>\n\t\t\t\t<\/div>\n\t\t\t\t<\/div>\n\t\t\t\t<\/div>\n\t\t","protected":false},"excerpt":{"rendered":"<p>V\u0130ZYON VE M\u0130SYON S\u00fcrd\u00fcr\u00fclebilir tar\u0131m i\u00e7in g\u00fc\u00e7l\u00fc bir ortakl\u0131k Vizyon Tar\u0131mda \u00f6nc\u00fcl\u00fc\u011f\u00fc s\u00fcrd\u00fcren, g\u00fcvenilir ve g\u00fc\u00e7l\u00fc bir birlik olmak. Antbirlik olarak vizyonumuz; b\u00f6lgemizde \u00f6zellikle pamuk tar\u0131m\u0131 ba\u015fta olmak \u00fczere, t\u00fcm tar\u0131m dallar\u0131nda s\u00fcrd\u00fcr\u00fclebilir ba\u015far\u0131y\u0131 ve yenilik\u00e7ili\u011fi esas alarak fark yaratan bir yap\u0131 olmakt\u0131r. \u00c7ift\u00e7ilerimizi te\u015fvik ederek pamuk \u00fcretimini art\u0131rmak, rekabet g\u00fcc\u00fcm\u00fcz\u00fc her zaman dinamik tutmak [&hellip;]<\/p>\n","protected":false},"author":1,"featured_media":0,"parent":1009,"menu_order":0,"comment_status":"closed","ping_status":"closed","template":"","meta":{"ocean_post_layout":"","ocean_both_sidebars_style":"","ocean_both_sidebars_content_width":0,"ocean_both_sidebars_sidebars_width":0,"ocean_sidebar":"","ocean_second_sidebar":"","ocean_disable_margins":"enable","ocean_add_body_class":"","ocean_shortcode_before_top_bar":"","ocean_shortcode_after_top_bar":"","ocean_shortcode_before_header":"","ocean_shortcode_after_header":"","ocean_has_shortcode":"","ocean_shortcode_after_title":"","ocean_shortcode_before_footer_widgets":"","ocean_shortcode_after_footer_widgets":"","ocean_shortcode_before_footer_bottom":"","ocean_shortcode_after_footer_bottom":"","ocean_display_top_bar":"default","ocean_display_header":"default","ocean_header_style":"","ocean_center_header_left_menu":"","ocean_custom_header_template":"","ocean_custom_logo":0,"ocean_custom_retina_logo":0,"ocean_custom_logo_max_width":0,"ocean_custom_logo_tablet_max_width":0,"ocean_custom_logo_mobile_max_width":0,"ocean_custom_logo_max_height":0,"ocean_custom_logo_tablet_max_height":0,"ocean_custom_logo_mobile_max_height":0,"ocean_header_custom_menu":"","ocean_menu_typo_font_family":"","ocean_menu_typo_font_subset":"","ocean_menu_typo_font_size":0,"ocean_menu_typo_font_size_tablet":0,"ocean_menu_typo_font_size_mobile":0,"ocean_menu_typo_font_size_unit":"px","ocean_menu_typo_font_weight":"","ocean_menu_typo_font_weight_tablet":"","ocean_menu_typo_font_weight_mobile":"","ocean_menu_typo_transform":"","ocean_menu_typo_transform_tablet":"","ocean_menu_typo_transform_mobile":"","ocean_menu_typo_line_height":0,"ocean_menu_typo_line_height_tablet":0,"ocean_menu_typo_line_height_mobile":0,"ocean_menu_typo_line_height_unit":"","ocean_menu_typo_spacing":0,"ocean_menu_typo_spacing_tablet":0,"ocean_menu_typo_spacing_mobile":0,"ocean_menu_typo_spacing_unit":"","ocean_menu_link_color":"","ocean_menu_link_color_hover":"","ocean_menu_link_color_active":"","ocean_menu_link_background":"","ocean_menu_link_hover_background":"","ocean_menu_link_active_background":"","ocean_menu_social_links_bg":"","ocean_menu_social_hover_links_bg":"","ocean_menu_social_links_color":"","ocean_menu_social_hover_links_color":"","ocean_disable_title":"default","ocean_disable_heading":"default","ocean_post_title":"","ocean_post_subheading":"","ocean_post_title_style":"","ocean_post_title_background_color":"","ocean_post_title_background":0,"ocean_post_title_bg_image_position":"","ocean_post_title_bg_image_attachment":"","ocean_post_title_bg_image_repeat":"","ocean_post_title_bg_image_size":"","ocean_post_title_height":0,"ocean_post_title_bg_overlay":0.5,"ocean_post_title_bg_overlay_color":"","ocean_disable_breadcrumbs":"default","ocean_breadcrumbs_color":"","ocean_breadcrumbs_separator_color":"","ocean_breadcrumbs_links_color":"","ocean_breadcrumbs_links_hover_color":"","ocean_display_footer_widgets":"default","ocean_display_footer_bottom":"default","ocean_custom_footer_template":"","footnotes":""},"class_list":["post-1061","page","type-page","status-publish","hentry","entry"],"_links":{"self":[{"href":"https:\/\/www.antbirlik.com.tr\/index.php?rest_route=\/wp\/v2\/pages\/1061","targetHints":{"allow":["GET"]}}],"collection":[{"href":"https:\/\/www.antbirlik.com.tr\/index.php?rest_route=\/wp\/v2\/pages"}],"about":[{"href":"https:\/\/www.antbirlik.com.tr\/index.php?rest_route=\/wp\/v2\/types\/page"}],"author":[{"embeddable":true,"href":"https:\/\/www.antbirlik.com.tr\/index.php?rest_route=\/wp\/v2\/users\/1"}],"replies":[{"embeddable":true,"href":"https:\/\/www.antbirlik.com.tr\/index.php?rest_route=%2Fwp%2Fv2%2Fcomments&post=1061"}],"version-history":[{"count":7,"href":"https:\/\/www.antbirlik.com.tr\/index.php?rest_route=\/wp\/v2\/pages\/1061\/revisions"}],"predecessor-version":[{"id":4165,"href":"https:\/\/www.antbirlik.com.tr\/index.php?rest_route=\/wp\/v2\/pages\/1061\/revisions\/4165"}],"up":[{"embeddable":true,"href":"https:\/\/www.antbirlik.com.tr\/index.php?rest_route=\/wp\/v2\/pages\/1009"}],"wp:attachment":[{"href":"https:\/\/www.antbirlik.com.tr\/index.php?rest_route=%2Fwp%2Fv2%2Fmedia&parent=1061"}],"curies":[{"name":"wp","href":"https:\/\/api.w.org\/{rel}","templated":true}]}}