{"id":1065,"date":"2018-04-03T17:02:50","date_gmt":"2018-04-03T14:02:50","guid":{"rendered":"http:\/\/www.antbirlik.com.tr\/?page_id=1065"},"modified":"2025-07-16T09:04:58","modified_gmt":"2025-07-16T06:04:58","slug":"hedef-ve-ilkelerimiz","status":"publish","type":"page","link":"https:\/\/www.antbirlik.com.tr\/?page_id=1065","title":{"rendered":"Hedef ve \u0130lkelerimiz"},"content":{"rendered":"\t\t<div data-elementor-type=\"wp-page\" data-elementor-id=\"1065\" class=\"elementor elementor-1065\" data-elementor-post-type=\"page\">\n\t\t\t\t<div class=\"elementor-element elementor-element-6b1f742 e-grid e-con-boxed e-con e-parent\" data-id=\"6b1f742\" data-element_type=\"container\" data-settings=\"{&quot;background_background&quot;:&quot;classic&quot;}\">\n\t\t\t\t\t<div class=\"e-con-inner\">\n\t\t\t\t<div class=\"elementor-element elementor-element-870219f elementor-widget elementor-widget-heading\" data-id=\"870219f\" data-element_type=\"widget\" data-widget_type=\"heading.default\">\n\t\t\t\t<div class=\"elementor-widget-container\">\n\t\t\t\t\t<h2 class=\"elementor-heading-title elementor-size-default\">HEDEF VE \u0130LKELER\u0130M\u0130Z<\/h2>\t\t\t\t<\/div>\n\t\t\t\t<\/div>\n\t\t\t\t<div class=\"elementor-element elementor-element-e28af41 elementor-widget elementor-widget-text-editor\" data-id=\"e28af41\" data-element_type=\"widget\" data-widget_type=\"text-editor.default\">\n\t\t\t\t<div class=\"elementor-widget-container\">\n\t\t\t\t\t\t\t\t\t<p>Ortak ak\u0131l, g\u00fc\u00e7l\u00fc birliktelik ve do\u011fru ilkelerle b\u00fcy\u00fcyoruz.<\/p>\t\t\t\t\t\t\t\t<\/div>\n\t\t\t\t<\/div>\n\t\t\t\t\t<\/div>\n\t\t\t\t<\/div>\n\t\t<div class=\"elementor-element elementor-element-3589475 e-con-full e-flex e-con e-parent\" data-id=\"3589475\" data-element_type=\"container\">\n\t\t<div class=\"elementor-element elementor-element-bf6c83c e-flex e-con-boxed e-con e-child\" data-id=\"bf6c83c\" data-element_type=\"container\" data-settings=\"{&quot;background_background&quot;:&quot;classic&quot;}\">\n\t\t\t\t\t<div class=\"e-con-inner\">\n\t\t<div class=\"elementor-element elementor-element-32cf3d7 e-con-full e-flex e-con e-child\" data-id=\"32cf3d7\" data-element_type=\"container\">\n\t\t<div class=\"elementor-element elementor-element-d5ffa2b e-con-full e-flex e-con e-child\" data-id=\"d5ffa2b\" data-element_type=\"container\">\n\t\t<div class=\"elementor-element elementor-element-7196252 e-con-full e-flex e-con e-child\" data-id=\"7196252\" data-element_type=\"container\">\n\t\t\t\t<div class=\"elementor-element elementor-element-4fd76fd elementor-widget elementor-widget-text-editor\" data-id=\"4fd76fd\" data-element_type=\"widget\" data-widget_type=\"text-editor.default\">\n\t\t\t\t<div class=\"elementor-widget-container\">\n\t\t\t\t\t\t\t\t\t<p>Hedeflerimiz<\/p>\t\t\t\t\t\t\t\t<\/div>\n\t\t\t\t<\/div>\n\t\t\t\t<\/div>\n\t\t\t\t<\/div>\n\t\t<div class=\"elementor-element elementor-element-9b2d394 e-con-full e-flex e-con e-child\" data-id=\"9b2d394\" data-element_type=\"container\">\n\t\t<div class=\"elementor-element elementor-element-9da7fc9 e-con-full e-flex e-con e-child\" data-id=\"9da7fc9\" data-element_type=\"container\">\n\t\t\t\t<div class=\"elementor-element elementor-element-b414fb6 elementor-widget elementor-widget-text-editor\" data-id=\"b414fb6\" data-element_type=\"widget\" data-widget_type=\"text-editor.default\">\n\t\t\t\t<div class=\"elementor-widget-container\">\n\t\t\t\t\t\t\t\t\t<ul><li data-start=\"276\" data-end=\"375\"><p data-start=\"278\" data-end=\"375\">Tar\u0131mda sa\u011fl\u0131kl\u0131 geli\u015fimi desteklemek ve evrensel kalite standartlar\u0131nda \u00fcr\u00fcn ve hizmet sunmak.<\/p><\/li><li data-start=\"376\" data-end=\"488\"><p data-start=\"378\" data-end=\"488\">\u00c7ift\u00e7i ortaklar\u0131m\u0131z nezdinde ve \u00fcretim s\u00fcre\u00e7lerimizde g\u00fcvenilirlik, s\u00fcreklilik ve sayg\u0131nl\u0131\u011f\u0131n simgesi olmak.<\/p><\/li><li data-start=\"489\" data-end=\"603\"><p data-start=\"491\" data-end=\"603\">Ortaklar\u0131m\u0131z i\u00e7in s\u00fcrekli de\u011fer yaratmak; beklentilerini kalite, istikrar ve s\u00fcrd\u00fcr\u00fclebilirlik ile kar\u015f\u0131lamak.<\/p><\/li><li data-start=\"604\" data-end=\"725\"><p data-start=\"606\" data-end=\"725\">Pamuk, zeytin, narenciye gibi b\u00f6lgesel \u00fcr\u00fcnlerimize sahip \u00e7\u0131kmak ve sat\u0131\u015f sonras\u0131nda da ortaklar\u0131m\u0131z\u0131n yan\u0131nda olmak.<\/p><\/li><li data-start=\"726\" data-end=\"819\"><p data-start=\"728\" data-end=\"819\">Piyasada g\u00fc\u00e7l\u00fc, g\u00fcvenilir ve itibarl\u0131 bir konumda yer alarak sekt\u00f6r\u00fcm\u00fczde en iyisi olmak.<\/p><\/li><li data-start=\"820\" data-end=\"899\"><p data-start=\"822\" data-end=\"899\">Faaliyet g\u00f6sterdi\u011fimiz alanlarda liderli\u011fi \u00fcstlenmek ve sekt\u00f6re y\u00f6n vermek.<\/p><\/li><li data-start=\"900\" data-end=\"1025\"><p data-start=\"902\" data-end=\"1025\">Sermayenin tabana yay\u0131lmas\u0131na katk\u0131da bulunmak; ortaklar\u0131m\u0131z\u0131n y\u00f6netime kat\u0131l\u0131m\u0131n\u0131 desteklemek ve istihdama katk\u0131 sa\u011flamak.<\/p><\/li><\/ul>\t\t\t\t\t\t\t\t<\/div>\n\t\t\t\t<\/div>\n\t\t\t\t<\/div>\n\t\t\t\t<\/div>\n\t\t\t\t<\/div>\n\t\t\t\t\t<\/div>\n\t\t\t\t<\/div>\n\t\t\t\t<\/div>\n\t\t<div class=\"elementor-element elementor-element-85ae39c e-con-full e-flex e-con e-parent\" data-id=\"85ae39c\" data-element_type=\"container\">\n\t\t<div class=\"elementor-element elementor-element-5aab752 e-flex e-con-boxed e-con e-child\" data-id=\"5aab752\" data-element_type=\"container\" data-settings=\"{&quot;background_background&quot;:&quot;classic&quot;}\">\n\t\t\t\t\t<div class=\"e-con-inner\">\n\t\t<div class=\"elementor-element elementor-element-16002f9 e-con-full e-flex e-con e-child\" data-id=\"16002f9\" data-element_type=\"container\">\n\t\t<div class=\"elementor-element elementor-element-216b0ad e-con-full e-flex e-con e-child\" data-id=\"216b0ad\" data-element_type=\"container\">\n\t\t<div class=\"elementor-element elementor-element-047bd86 e-con-full e-flex e-con e-child\" data-id=\"047bd86\" data-element_type=\"container\">\n\t\t\t\t<div class=\"elementor-element elementor-element-71f126a elementor-widget elementor-widget-text-editor\" data-id=\"71f126a\" data-element_type=\"widget\" data-widget_type=\"text-editor.default\">\n\t\t\t\t<div class=\"elementor-widget-container\">\n\t\t\t\t\t\t\t\t\t<p>\u0130lkelerimiz<\/p>\t\t\t\t\t\t\t\t<\/div>\n\t\t\t\t<\/div>\n\t\t\t\t<\/div>\n\t\t\t\t<\/div>\n\t\t<div class=\"elementor-element elementor-element-cc59e57 e-con-full e-flex e-con e-child\" data-id=\"cc59e57\" data-element_type=\"container\">\n\t\t<div class=\"elementor-element elementor-element-2f82692 e-con-full e-flex e-con e-child\" data-id=\"2f82692\" data-element_type=\"container\">\n\t\t\t\t<div class=\"elementor-element elementor-element-2acc099 elementor-widget elementor-widget-text-editor\" data-id=\"2acc099\" data-element_type=\"widget\" data-widget_type=\"text-editor.default\">\n\t\t\t\t<div class=\"elementor-widget-container\">\n\t\t\t\t\t\t\t\t\t<ul><li data-start=\"1052\" data-end=\"1147\"><p data-start=\"1054\" data-end=\"1147\">G\u00fcc\u00fcm\u00fcz\u00fc \u00e7ift\u00e7i ortaklar\u0131m\u0131zdan al\u0131yor; en b\u00fcy\u00fck sermayemizin bu birlik oldu\u011funu biliyoruz.<\/p><\/li><li data-start=\"1148\" data-end=\"1344\"><p data-start=\"1150\" data-end=\"1344\">\u00dcr\u00fcn ve hizmet kalitemiz, \u00e7al\u0131\u015fanlar\u0131m\u0131z\u0131n niteli\u011fiyle ba\u015flar. Nitelikli insan kayna\u011f\u0131n\u0131 b\u00fcnyemize katmak, onlar\u0131n yetenek ve yarat\u0131c\u0131l\u0131klar\u0131ndan azami \u00f6l\u00e7\u00fcde faydalanmak temel \u00f6nceli\u011fimizdir.<\/p><\/li><li data-start=\"1345\" data-end=\"1467\"><p data-start=\"1347\" data-end=\"1467\">\u0130\u015f birli\u011fi ve dayan\u0131\u015fmay\u0131 esas alan, geli\u015fime a\u00e7\u0131k ve verimli bir \u00e7al\u0131\u015fma ortam\u0131 olu\u015fturmak \u00f6ncelikli yakla\u015f\u0131m\u0131m\u0131zd\u0131r.<\/p><\/li><li data-start=\"1468\" data-end=\"1588\"><p data-start=\"1470\" data-end=\"1588\">S\u00fcrekli geli\u015fim i\u00e7in gerekli kaynaklar\u0131 yaratmak ve bu kaynaklar\u0131 verimli yat\u0131r\u0131mlara d\u00f6n\u00fc\u015ft\u00fcrmek temel amac\u0131m\u0131zd\u0131r.<\/p><\/li><li data-start=\"1589\" data-end=\"1703\"><p data-start=\"1591\" data-end=\"1703\">T\u00fcm faaliyetlerimizde kaynaklar\u0131 ak\u0131lc\u0131 kullanmak, savurganl\u0131\u011fa kesinlikle izin vermemek \u00f6ncelikli ilkemizdir.<\/p><\/li><li data-start=\"1704\" data-end=\"1810\"><p data-start=\"1706\" data-end=\"1810\">\u00c7evreye duyarl\u0131 \u00fcretim anlay\u0131\u015f\u0131n\u0131 benimseyerek, \u00e7evre koruma bilincini yayg\u0131nla\u015ft\u0131rmay\u0131 g\u00f6rev sayar\u0131z.<\/p><\/li><li data-start=\"1811\" data-end=\"1939\"><p data-start=\"1813\" data-end=\"1939\">Ortaklar\u0131m\u0131z\u0131n ekonomik ve sosyal g\u00fcc\u00fcn\u00fc art\u0131rmak i\u00e7in \u00e7al\u0131\u015fmak, bu g\u00fcc\u00fc hep birlikte daha ileriye ta\u015f\u0131mak temel hedefimizdir.<\/p><\/li><\/ul>\t\t\t\t\t\t\t\t<\/div>\n\t\t\t\t<\/div>\n\t\t\t\t<\/div>\n\t\t\t\t<\/div>\n\t\t\t\t<\/div>\n\t\t\t\t\t<\/div>\n\t\t\t\t<\/div>\n\t\t\t\t<\/div>\n\t\t\t\t<\/div>\n\t\t","protected":false},"excerpt":{"rendered":"<p>HEDEF VE \u0130LKELER\u0130M\u0130Z Ortak ak\u0131l, g\u00fc\u00e7l\u00fc birliktelik ve do\u011fru ilkelerle b\u00fcy\u00fcyoruz. Hedeflerimiz Tar\u0131mda sa\u011fl\u0131kl\u0131 geli\u015fimi desteklemek ve evrensel kalite standartlar\u0131nda \u00fcr\u00fcn ve hizmet sunmak. \u00c7ift\u00e7i ortaklar\u0131m\u0131z nezdinde ve \u00fcretim s\u00fcre\u00e7lerimizde g\u00fcvenilirlik, s\u00fcreklilik ve sayg\u0131nl\u0131\u011f\u0131n simgesi olmak. Ortaklar\u0131m\u0131z i\u00e7in s\u00fcrekli de\u011fer yaratmak; beklentilerini kalite, istikrar ve s\u00fcrd\u00fcr\u00fclebilirlik ile kar\u015f\u0131lamak. Pamuk, zeytin, narenciye gibi b\u00f6lgesel \u00fcr\u00fcnlerimize sahip [&hellip;]<\/p>\n","protected":false},"author":1,"featured_media":0,"parent":1009,"menu_order":0,"comment_status":"closed","ping_status":"closed","template":"","meta":{"ocean_post_layout":"","ocean_both_sidebars_style":"","ocean_both_sidebars_content_width":0,"ocean_both_sidebars_sidebars_width":0,"ocean_sidebar":"","ocean_second_sidebar":"","ocean_disable_margins":"enable","ocean_add_body_class":"","ocean_shortcode_before_top_bar":"","ocean_shortcode_after_top_bar":"","ocean_shortcode_before_header":"","ocean_shortcode_after_header":"","ocean_has_shortcode":"","ocean_shortcode_after_title":"","ocean_shortcode_before_footer_widgets":"","ocean_shortcode_after_footer_widgets":"","ocean_shortcode_before_footer_bottom":"","ocean_shortcode_after_footer_bottom":"","ocean_display_top_bar":"default","ocean_display_header":"default","ocean_header_style":"","ocean_center_header_left_menu":"","ocean_custom_header_template":"","ocean_custom_logo":0,"ocean_custom_retina_logo":0,"ocean_custom_logo_max_width":0,"ocean_custom_logo_tablet_max_width":0,"ocean_custom_logo_mobile_max_width":0,"ocean_custom_logo_max_height":0,"ocean_custom_logo_tablet_max_height":0,"ocean_custom_logo_mobile_max_height":0,"ocean_header_custom_menu":"","ocean_menu_typo_font_family":"","ocean_menu_typo_font_subset":"","ocean_menu_typo_font_size":0,"ocean_menu_typo_font_size_tablet":0,"ocean_menu_typo_font_size_mobile":0,"ocean_menu_typo_font_size_unit":"px","ocean_menu_typo_font_weight":"","ocean_menu_typo_font_weight_tablet":"","ocean_menu_typo_font_weight_mobile":"","ocean_menu_typo_transform":"","ocean_menu_typo_transform_tablet":"","ocean_menu_typo_transform_mobile":"","ocean_menu_typo_line_height":0,"ocean_menu_typo_line_height_tablet":0,"ocean_menu_typo_line_height_mobile":0,"ocean_menu_typo_line_height_unit":"","ocean_menu_typo_spacing":0,"ocean_menu_typo_spacing_tablet":0,"ocean_menu_typo_spacing_mobile":0,"ocean_menu_typo_spacing_unit":"","ocean_menu_link_color":"","ocean_menu_link_color_hover":"","ocean_menu_link_color_active":"","ocean_menu_link_background":"","ocean_menu_link_hover_background":"","ocean_menu_link_active_background":"","ocean_menu_social_links_bg":"","ocean_menu_social_hover_links_bg":"","ocean_menu_social_links_color":"","ocean_menu_social_hover_links_color":"","ocean_disable_title":"default","ocean_disable_heading":"default","ocean_post_title":"","ocean_post_subheading":"","ocean_post_title_style":"","ocean_post_title_background_color":"","ocean_post_title_background":0,"ocean_post_title_bg_image_position":"","ocean_post_title_bg_image_attachment":"","ocean_post_title_bg_image_repeat":"","ocean_post_title_bg_image_size":"","ocean_post_title_height":0,"ocean_post_title_bg_overlay":0.5,"ocean_post_title_bg_overlay_color":"","ocean_disable_breadcrumbs":"default","ocean_breadcrumbs_color":"","ocean_breadcrumbs_separator_color":"","ocean_breadcrumbs_links_color":"","ocean_breadcrumbs_links_hover_color":"","ocean_display_footer_widgets":"default","ocean_display_footer_bottom":"default","ocean_custom_footer_template":"","footnotes":""},"class_list":["post-1065","page","type-page","status-publish","hentry","entry"],"_links":{"self":[{"href":"https:\/\/www.antbirlik.com.tr\/index.php?rest_route=\/wp\/v2\/pages\/1065","targetHints":{"allow":["GET"]}}],"collection":[{"href":"https:\/\/www.antbirlik.com.tr\/index.php?rest_route=\/wp\/v2\/pages"}],"about":[{"href":"https:\/\/www.antbirlik.com.tr\/index.php?rest_route=\/wp\/v2\/types\/page"}],"author":[{"embeddable":true,"href":"https:\/\/www.antbirlik.com.tr\/index.php?rest_route=\/wp\/v2\/users\/1"}],"replies":[{"embeddable":true,"href":"https:\/\/www.antbirlik.com.tr\/index.php?rest_route=%2Fwp%2Fv2%2Fcomments&post=1065"}],"version-history":[{"count":4,"href":"https:\/\/www.antbirlik.com.tr\/index.php?rest_route=\/wp\/v2\/pages\/1065\/revisions"}],"predecessor-version":[{"id":4168,"href":"https:\/\/www.antbirlik.com.tr\/index.php?rest_route=\/wp\/v2\/pages\/1065\/revisions\/4168"}],"up":[{"embeddable":true,"href":"https:\/\/www.antbirlik.com.tr\/index.php?rest_route=\/wp\/v2\/pages\/1009"}],"wp:attachment":[{"href":"https:\/\/www.antbirlik.com.tr\/index.php?rest_route=%2Fwp%2Fv2%2Fmedia&parent=1065"}],"curies":[{"name":"wp","href":"https:\/\/api.w.org\/{rel}","templated":true}]}}