{"id":1067,"date":"2018-04-03T17:03:25","date_gmt":"2018-04-03T14:03:25","guid":{"rendered":"http:\/\/www.antbirlik.com.tr\/?page_id=1067"},"modified":"2025-07-16T09:15:31","modified_gmt":"2025-07-16T06:15:31","slug":"sosyal-sorumlulugumuz","status":"publish","type":"page","link":"https:\/\/www.antbirlik.com.tr\/?page_id=1067","title":{"rendered":"Sosyal Sorumlulu\u011fumuz"},"content":{"rendered":"\t\t<div data-elementor-type=\"wp-page\" data-elementor-id=\"1067\" class=\"elementor elementor-1067\" data-elementor-post-type=\"page\">\n\t\t\t\t<div class=\"elementor-element elementor-element-5e885de e-grid e-con-boxed e-con e-parent\" data-id=\"5e885de\" data-element_type=\"container\" data-settings=\"{&quot;background_background&quot;:&quot;classic&quot;}\">\n\t\t\t\t\t<div class=\"e-con-inner\">\n\t\t\t\t<div class=\"elementor-element elementor-element-2bcdbd4 elementor-widget elementor-widget-heading\" data-id=\"2bcdbd4\" data-element_type=\"widget\" data-widget_type=\"heading.default\">\n\t\t\t\t<div class=\"elementor-widget-container\">\n\t\t\t\t\t<h2 class=\"elementor-heading-title elementor-size-default\">SOSYAL SORUMLULU\u011eUMUZ<\/h2>\t\t\t\t<\/div>\n\t\t\t\t<\/div>\n\t\t\t\t<div class=\"elementor-element elementor-element-754c580 elementor-widget elementor-widget-text-editor\" data-id=\"754c580\" data-element_type=\"widget\" data-widget_type=\"text-editor.default\">\n\t\t\t\t<div class=\"elementor-widget-container\">\n\t\t\t\t\t\t\t\t\t<p>B\u00f6lgesel kalk\u0131nmaya, s\u00fcrd\u00fcr\u00fclebilir tar\u0131ma ve toplumsal faydaya katk\u0131 sunmay\u0131 temel g\u00f6rev kabul ediyoruz.<\/p>\t\t\t\t\t\t\t\t<\/div>\n\t\t\t\t<\/div>\n\t\t\t\t\t<\/div>\n\t\t\t\t<\/div>\n\t\t<div class=\"elementor-element elementor-element-6adfef7 e-con-full e-flex e-con e-parent\" data-id=\"6adfef7\" data-element_type=\"container\">\n\t\t<div class=\"elementor-element elementor-element-dbf6c5d e-flex e-con-boxed e-con e-child\" data-id=\"dbf6c5d\" data-element_type=\"container\" data-settings=\"{&quot;background_background&quot;:&quot;classic&quot;}\">\n\t\t\t\t\t<div class=\"e-con-inner\">\n\t\t<div class=\"elementor-element elementor-element-d2b142c e-con-full e-flex e-con e-child\" data-id=\"d2b142c\" data-element_type=\"container\">\n\t\t<div class=\"elementor-element elementor-element-37c8be7 e-con-full e-flex e-con e-child\" data-id=\"37c8be7\" data-element_type=\"container\">\n\t\t<div class=\"elementor-element elementor-element-fc55163 e-con-full e-flex e-con e-child\" data-id=\"fc55163\" data-element_type=\"container\">\n\t\t\t\t<div class=\"elementor-element elementor-element-47aea51 elementor-widget elementor-widget-text-editor\" data-id=\"47aea51\" data-element_type=\"widget\" data-widget_type=\"text-editor.default\">\n\t\t\t\t<div class=\"elementor-widget-container\">\n\t\t\t\t\t\t\t\t\t<p><strong>Sosyal<\/strong> Sorumluluklar\u0131m\u0131z<\/p>\t\t\t\t\t\t\t\t<\/div>\n\t\t\t\t<\/div>\n\t\t\t\t<\/div>\n\t\t\t\t<\/div>\n\t\t<div class=\"elementor-element elementor-element-02c17b7 e-con-full e-flex e-con e-child\" data-id=\"02c17b7\" data-element_type=\"container\">\n\t\t<div class=\"elementor-element elementor-element-be1d19f e-con-full e-flex e-con e-child\" data-id=\"be1d19f\" data-element_type=\"container\">\n\t\t\t\t<div class=\"elementor-element elementor-element-aff91e2 elementor-widget elementor-widget-text-editor\" data-id=\"aff91e2\" data-element_type=\"widget\" data-widget_type=\"text-editor.default\">\n\t\t\t\t<div class=\"elementor-widget-container\">\n\t\t\t\t\t\t\t\t\t<ul><li data-start=\"349\" data-end=\"493\">Kurumsal anlay\u0131\u015f\u0131m\u0131z; verimlili\u011fe odaklanan, tar\u0131m alan\u0131ndaki riskleri \u00f6nceden tespit ederek \u00f6nleyici \u00e7\u00f6z\u00fcmler geli\u015ftiren bir yakla\u015f\u0131ma dayan\u0131r.<\/li><li data-start=\"495\" data-end=\"655\"><p data-start=\"497\" data-end=\"655\">T\u00fcm \u00e7al\u0131\u015fmalar\u0131m\u0131zda s\u0131n\u0131rl\u0131 kaynaklar\u0131 etkin ve bilin\u00e7li bir \u015fekilde kullanmay\u0131, s\u00fcrd\u00fcr\u00fclebilirlik ilkesi do\u011frultusunda kal\u0131c\u0131 de\u011ferler \u00fcretmeyi ama\u00e7l\u0131yoruz.<\/p><\/li><li data-start=\"657\" data-end=\"852\"><p data-start=\"659\" data-end=\"852\">ANTB\u0130RL\u0130K olarak; b\u00f6lgemize yapt\u0131\u011f\u0131m\u0131z yat\u0131r\u0131mlar ve yeni sekt\u00f6rlerin geli\u015fimine y\u00f6nelik att\u0131\u011f\u0131m\u0131z ad\u0131mlarla, <strong>ekonomik kalk\u0131nmada sosyal sorumlulu\u011fun etkin bir ta\u015f\u0131y\u0131c\u0131s\u0131 olmaya devam edece\u011fiz.<\/strong><\/p><\/li><li data-start=\"854\" data-end=\"987\"><p data-start=\"856\" data-end=\"987\">Destekledi\u011fimiz her projede; uzun vadeli, toplumsal fayda sa\u011flayan ve s\u00fcrd\u00fcr\u00fclebilir etkiler yaratan giri\u015fimlere \u00f6ncelik veriyoruz.<\/p><\/li><\/ul>\t\t\t\t\t\t\t\t<\/div>\n\t\t\t\t<\/div>\n\t\t\t\t<\/div>\n\t\t\t\t<\/div>\n\t\t\t\t<\/div>\n\t\t\t\t\t<\/div>\n\t\t\t\t<\/div>\n\t\t\t\t<\/div>\n\t\t\t\t<\/div>\n\t\t","protected":false},"excerpt":{"rendered":"<p>SOSYAL SORUMLULU\u011eUMUZ B\u00f6lgesel kalk\u0131nmaya, s\u00fcrd\u00fcr\u00fclebilir tar\u0131ma ve toplumsal faydaya katk\u0131 sunmay\u0131 temel g\u00f6rev kabul ediyoruz. Sosyal Sorumluluklar\u0131m\u0131z Kurumsal anlay\u0131\u015f\u0131m\u0131z; verimlili\u011fe odaklanan, tar\u0131m alan\u0131ndaki riskleri \u00f6nceden tespit ederek \u00f6nleyici \u00e7\u00f6z\u00fcmler geli\u015ftiren bir yakla\u015f\u0131ma dayan\u0131r. T\u00fcm \u00e7al\u0131\u015fmalar\u0131m\u0131zda s\u0131n\u0131rl\u0131 kaynaklar\u0131 etkin ve bilin\u00e7li bir \u015fekilde kullanmay\u0131, s\u00fcrd\u00fcr\u00fclebilirlik ilkesi do\u011frultusunda kal\u0131c\u0131 de\u011ferler \u00fcretmeyi ama\u00e7l\u0131yoruz. ANTB\u0130RL\u0130K olarak; b\u00f6lgemize yapt\u0131\u011f\u0131m\u0131z yat\u0131r\u0131mlar [&hellip;]<\/p>\n","protected":false},"author":1,"featured_media":0,"parent":1009,"menu_order":0,"comment_status":"closed","ping_status":"closed","template":"","meta":{"ocean_post_layout":"","ocean_both_sidebars_style":"","ocean_both_sidebars_content_width":0,"ocean_both_sidebars_sidebars_width":0,"ocean_sidebar":"","ocean_second_sidebar":"","ocean_disable_margins":"enable","ocean_add_body_class":"","ocean_shortcode_before_top_bar":"","ocean_shortcode_after_top_bar":"","ocean_shortcode_before_header":"","ocean_shortcode_after_header":"","ocean_has_shortcode":"","ocean_shortcode_after_title":"","ocean_shortcode_before_footer_widgets":"","ocean_shortcode_after_footer_widgets":"","ocean_shortcode_before_footer_bottom":"","ocean_shortcode_after_footer_bottom":"","ocean_display_top_bar":"default","ocean_display_header":"default","ocean_header_style":"","ocean_center_header_left_menu":"","ocean_custom_header_template":"","ocean_custom_logo":0,"ocean_custom_retina_logo":0,"ocean_custom_logo_max_width":0,"ocean_custom_logo_tablet_max_width":0,"ocean_custom_logo_mobile_max_width":0,"ocean_custom_logo_max_height":0,"ocean_custom_logo_tablet_max_height":0,"ocean_custom_logo_mobile_max_height":0,"ocean_header_custom_menu":"","ocean_menu_typo_font_family":"","ocean_menu_typo_font_subset":"","ocean_menu_typo_font_size":0,"ocean_menu_typo_font_size_tablet":0,"ocean_menu_typo_font_size_mobile":0,"ocean_menu_typo_font_size_unit":"px","ocean_menu_typo_font_weight":"","ocean_menu_typo_font_weight_tablet":"","ocean_menu_typo_font_weight_mobile":"","ocean_menu_typo_transform":"","ocean_menu_typo_transform_tablet":"","ocean_menu_typo_transform_mobile":"","ocean_menu_typo_line_height":0,"ocean_menu_typo_line_height_tablet":0,"ocean_menu_typo_line_height_mobile":0,"ocean_menu_typo_line_height_unit":"","ocean_menu_typo_spacing":0,"ocean_menu_typo_spacing_tablet":0,"ocean_menu_typo_spacing_mobile":0,"ocean_menu_typo_spacing_unit":"","ocean_menu_link_color":"","ocean_menu_link_color_hover":"","ocean_menu_link_color_active":"","ocean_menu_link_background":"","ocean_menu_link_hover_background":"","ocean_menu_link_active_background":"","ocean_menu_social_links_bg":"","ocean_menu_social_hover_links_bg":"","ocean_menu_social_links_color":"","ocean_menu_social_hover_links_color":"","ocean_disable_title":"default","ocean_disable_heading":"default","ocean_post_title":"","ocean_post_subheading":"","ocean_post_title_style":"","ocean_post_title_background_color":"","ocean_post_title_background":0,"ocean_post_title_bg_image_position":"","ocean_post_title_bg_image_attachment":"","ocean_post_title_bg_image_repeat":"","ocean_post_title_bg_image_size":"","ocean_post_title_height":0,"ocean_post_title_bg_overlay":0.5,"ocean_post_title_bg_overlay_color":"","ocean_disable_breadcrumbs":"default","ocean_breadcrumbs_color":"","ocean_breadcrumbs_separator_color":"","ocean_breadcrumbs_links_color":"","ocean_breadcrumbs_links_hover_color":"","ocean_display_footer_widgets":"default","ocean_display_footer_bottom":"default","ocean_custom_footer_template":"","footnotes":""},"class_list":["post-1067","page","type-page","status-publish","hentry","entry"],"_links":{"self":[{"href":"https:\/\/www.antbirlik.com.tr\/index.php?rest_route=\/wp\/v2\/pages\/1067","targetHints":{"allow":["GET"]}}],"collection":[{"href":"https:\/\/www.antbirlik.com.tr\/index.php?rest_route=\/wp\/v2\/pages"}],"about":[{"href":"https:\/\/www.antbirlik.com.tr\/index.php?rest_route=\/wp\/v2\/types\/page"}],"author":[{"embeddable":true,"href":"https:\/\/www.antbirlik.com.tr\/index.php?rest_route=\/wp\/v2\/users\/1"}],"replies":[{"embeddable":true,"href":"https:\/\/www.antbirlik.com.tr\/index.php?rest_route=%2Fwp%2Fv2%2Fcomments&post=1067"}],"version-history":[{"count":4,"href":"https:\/\/www.antbirlik.com.tr\/index.php?rest_route=\/wp\/v2\/pages\/1067\/revisions"}],"predecessor-version":[{"id":4171,"href":"https:\/\/www.antbirlik.com.tr\/index.php?rest_route=\/wp\/v2\/pages\/1067\/revisions\/4171"}],"up":[{"embeddable":true,"href":"https:\/\/www.antbirlik.com.tr\/index.php?rest_route=\/wp\/v2\/pages\/1009"}],"wp:attachment":[{"href":"https:\/\/www.antbirlik.com.tr\/index.php?rest_route=%2Fwp%2Fv2%2Fmedia&parent=1067"}],"curies":[{"name":"wp","href":"https:\/\/api.w.org\/{rel}","templated":true}]}}