{"id":3625,"date":"2025-06-19T23:14:40","date_gmt":"2025-06-19T20:14:40","guid":{"rendered":"https:\/\/www.antbirlik.com.tr\/?page_id=3625"},"modified":"2025-06-19T23:18:57","modified_gmt":"2025-06-19T20:18:57","slug":"antalya-aksu-3-369-kwp-cati-ges-projemiz","status":"publish","type":"page","link":"https:\/\/www.antbirlik.com.tr\/?page_id=3625","title":{"rendered":"Antalya Aksu &#8211; 3.369 kWp \u00c7at\u0131 GES Projemiz"},"content":{"rendered":"\t\t<div data-elementor-type=\"wp-page\" data-elementor-id=\"3625\" class=\"elementor elementor-3625\" data-elementor-post-type=\"page\">\n\t\t\t\t<div class=\"elementor-element elementor-element-1699d917 e-flex e-con-boxed e-con e-parent\" data-id=\"1699d917\" data-element_type=\"container\">\n\t\t\t\t\t<div class=\"e-con-inner\">\n\t\t\t\t\t\t\t\t<p class=\"e-paragraph-base\"  >\n\t\t\t\t\t\t\t\t\t\tAntalya Aksu - 3.369 kWp \u00c7at\u0131 GES\n\n\t\t\t\t\t\t<\/p>\n\t\t\t\t<div class=\"elementor-element elementor-element-7d9c0b27 elementor-widget elementor-widget-text-editor\" data-id=\"7d9c0b27\" data-element_type=\"widget\" data-widget_type=\"text-editor.default\">\n\t\t\t\t<div class=\"elementor-widget-container\">\n\t\t\t\t\t\t\t\t\t<p class=\"p1\">Antalya Aksu GES; 3.369 kWp kapasiteye sahip g\u00fcne\u015f enerjisi santralidir. 8.424 panel kullan\u0131larak yap\u0131lan proje y\u0131lda toplam 5.727.300 kWh enerji \u00fcretimi ger\u00e7ekle\u015ftiriyor. Proje y\u0131ll\u0131k olarak 3.550 ton sera gaz\u0131 sal\u0131m\u0131n\u0131n engellenmesini ve 8.452 a\u011fac\u0131n kurtar\u0131lmas\u0131n\u0131 sa\u011fl\u0131yor. Antalya Aksu GES projesi, Ekim 2021 tarihinde tamamlanm\u0131\u015ft\u0131r.<span class=\"Apple-converted-space\">\u00a0<\/span><\/p>\n<div class=\"s-alignment s-alignment-between s-alignment-fifty-fifty\">\n<div>\u00a0<\/div>\n<\/div>\t\t\t\t\t\t\t\t<\/div>\n\t\t\t\t<\/div>\n\t\t\t\t\t<\/div>\n\t\t\t\t<\/div>\n\t\t<div class=\"elementor-element elementor-element-ec9c40f e-flex e-con-boxed e-con e-parent\" data-id=\"ec9c40f\" data-element_type=\"container\">\n\t\t\t\t\t<div class=\"e-con-inner\">\n\t\t<div class=\"elementor-element elementor-element-12c9b11 e-con-full e-flex e-con e-child\" data-id=\"12c9b11\" data-element_type=\"container\">\n\t\t\t\t<div class=\"elementor-element elementor-element-30a4cf3 elementor-widget elementor-widget-text-editor\" data-id=\"30a4cf3\" data-element_type=\"widget\" data-widget_type=\"text-editor.default\">\n\t\t\t\t<div class=\"elementor-widget-container\">\n\t\t\t\t\t\t\t\t\t<table class=\"s-table s-table-hover s-table-zebra s-table-border s-table-equal s-table-head\">\n<tbody>\n<tr>\n<td>Proje G\u00fcc\u00fc (DC kWp)<\/td>\n<td>3.369 kWp<\/td>\n<\/tr>\n<tr>\n<td>Kullan\u0131lan Panel Say\u0131s\u0131<\/td>\n<td>8424<\/td>\n<\/tr>\n<tr>\n<td>Y\u0131ll\u0131k Enerji \u00dcretimi (kWh)<\/td>\n<td>5.727.300<\/td>\n<\/tr>\n<tr>\n<td>Hane T\u00fcketim Kar\u015f\u0131l\u0131\u011f\u0131<\/td>\n<td>1886<\/td>\n<\/tr>\n<tr>\n<td>Tamamlanma Tarihi<\/td>\n<td>Ekim 2021<\/td>\n<\/tr>\n<tr>\n<td>Y\u0131ll\u0131k Engellenen Sera Gaz\u0131 Sal\u0131m\u0131 (Ton)<\/td>\n<td>3.550<\/td>\n<\/tr>\n<tr>\n<td>Y\u0131ll\u0131k Kurtar\u0131lan A\u011fa\u00e7 Say\u0131s\u0131<\/td>\n<td>8.452<\/td>\n<\/tr>\n<\/tbody>\n<\/table>\t\t\t\t\t\t\t\t<\/div>\n\t\t\t\t<\/div>\n\t\t\t\t<\/div>\n\t\t<div class=\"elementor-element elementor-element-76fab11 e-con-full e-flex e-con e-child\" data-id=\"76fab11\" data-element_type=\"container\">\n\t\t\t\t<div class=\"elementor-element elementor-element-a251a93 elementor-widget elementor-widget-video\" data-id=\"a251a93\" data-element_type=\"widget\" data-settings=\"{&quot;youtube_url&quot;:&quot;https:\\\/\\\/www.youtube.com\\\/watch?v=sUDYkjIV_OE&quot;,&quot;video_type&quot;:&quot;youtube&quot;,&quot;controls&quot;:&quot;yes&quot;}\" data-widget_type=\"video.default\">\n\t\t\t\t<div class=\"elementor-widget-container\">\n\t\t\t\t\t\t\t<div class=\"elementor-wrapper elementor-open-inline\">\n\t\t\t<div class=\"elementor-video\"><\/div>\t\t<\/div>\n\t\t\t\t\t\t<\/div>\n\t\t\t\t<\/div>\n\t\t\t\t<\/div>\n\t\t\t\t\t<\/div>\n\t\t\t\t<\/div>\n\t\t<div class=\"elementor-element elementor-element-2400158 e-flex e-con-boxed e-con e-parent\" data-id=\"2400158\" data-element_type=\"container\">\n\t\t\t\t\t<div class=\"e-con-inner\">\n\t\t\t\t<div class=\"elementor-element elementor-element-39a73f0 elementor-widget elementor-widget-image-gallery\" data-id=\"39a73f0\" data-element_type=\"widget\" data-widget_type=\"image-gallery.default\">\n\t\t\t\t<div class=\"elementor-widget-container\">\n\t\t\t\t\t\t\t<div class=\"elementor-image-gallery\">\n\t\t\t<div id='gallery-1' class='gallery galleryid-3625 gallery-columns-4 gallery-size-thumbnail'><figure class='gallery-item'>\n\t\t\t<div class='gallery-icon landscape'>\n\t\t\t\t<a data-elementor-open-lightbox=\"yes\" data-elementor-lightbox-slideshow=\"39a73f0\" data-elementor-lightbox-title=\"antalya-aksu-projesi-img-9\" data-e-action-hash=\"#elementor-action%3Aaction%3Dlightbox%26settings%3DeyJpZCI6MzYyMCwidXJsIjoiaHR0cHM6XC9cL3d3dy5hbnRiaXJsaWsuY29tLnRyXC93cC1jb250ZW50XC91cGxvYWRzXC8yMDI1XC8wNlwvYW50YWx5YS1ha3N1LXByb2plc2ktaW1nLTkuanBnIiwic2xpZGVzaG93IjoiMzlhNzNmMCJ9\" href='https:\/\/www.antbirlik.com.tr\/wp-content\/uploads\/2025\/06\/antalya-aksu-projesi-img-9.jpg'><img decoding=\"async\" width=\"150\" height=\"150\" src=\"https:\/\/www.antbirlik.com.tr\/wp-content\/uploads\/2025\/06\/antalya-aksu-projesi-img-9-150x150.jpg\" class=\"attachment-thumbnail size-thumbnail\" alt=\"\" srcset=\"https:\/\/www.antbirlik.com.tr\/wp-content\/uploads\/2025\/06\/antalya-aksu-projesi-img-9-150x150.jpg 150w, https:\/\/www.antbirlik.com.tr\/wp-content\/uploads\/2025\/06\/antalya-aksu-projesi-img-9-600x600.jpg 600w\" sizes=\"(max-width: 150px) 100vw, 150px\" \/><\/a>\n\t\t\t<\/div><\/figure><figure class='gallery-item'>\n\t\t\t<div class='gallery-icon landscape'>\n\t\t\t\t<a data-elementor-open-lightbox=\"yes\" data-elementor-lightbox-slideshow=\"39a73f0\" data-elementor-lightbox-title=\"antalya-aksu-projesi-img-8\" data-e-action-hash=\"#elementor-action%3Aaction%3Dlightbox%26settings%3DeyJpZCI6MzYxOSwidXJsIjoiaHR0cHM6XC9cL3d3dy5hbnRiaXJsaWsuY29tLnRyXC93cC1jb250ZW50XC91cGxvYWRzXC8yMDI1XC8wNlwvYW50YWx5YS1ha3N1LXByb2plc2ktaW1nLTguanBnIiwic2xpZGVzaG93IjoiMzlhNzNmMCJ9\" href='https:\/\/www.antbirlik.com.tr\/wp-content\/uploads\/2025\/06\/antalya-aksu-projesi-img-8.jpg'><img decoding=\"async\" width=\"150\" height=\"150\" src=\"https:\/\/www.antbirlik.com.tr\/wp-content\/uploads\/2025\/06\/antalya-aksu-projesi-img-8-150x150.jpg\" class=\"attachment-thumbnail size-thumbnail\" alt=\"\" srcset=\"https:\/\/www.antbirlik.com.tr\/wp-content\/uploads\/2025\/06\/antalya-aksu-projesi-img-8-150x150.jpg 150w, https:\/\/www.antbirlik.com.tr\/wp-content\/uploads\/2025\/06\/antalya-aksu-projesi-img-8-600x600.jpg 600w\" sizes=\"(max-width: 150px) 100vw, 150px\" \/><\/a>\n\t\t\t<\/div><\/figure><figure class='gallery-item'>\n\t\t\t<div class='gallery-icon landscape'>\n\t\t\t\t<a data-elementor-open-lightbox=\"yes\" data-elementor-lightbox-slideshow=\"39a73f0\" data-elementor-lightbox-title=\"antalya-aksu-projesi-img-6\" data-e-action-hash=\"#elementor-action%3Aaction%3Dlightbox%26settings%3DeyJpZCI6MzYxOCwidXJsIjoiaHR0cHM6XC9cL3d3dy5hbnRiaXJsaWsuY29tLnRyXC93cC1jb250ZW50XC91cGxvYWRzXC8yMDI1XC8wNlwvYW50YWx5YS1ha3N1LXByb2plc2ktaW1nLTYuanBnIiwic2xpZGVzaG93IjoiMzlhNzNmMCJ9\" href='https:\/\/www.antbirlik.com.tr\/wp-content\/uploads\/2025\/06\/antalya-aksu-projesi-img-6.jpg'><img decoding=\"async\" width=\"150\" height=\"150\" src=\"https:\/\/www.antbirlik.com.tr\/wp-content\/uploads\/2025\/06\/antalya-aksu-projesi-img-6-150x150.jpg\" class=\"attachment-thumbnail size-thumbnail\" alt=\"\" srcset=\"https:\/\/www.antbirlik.com.tr\/wp-content\/uploads\/2025\/06\/antalya-aksu-projesi-img-6-150x150.jpg 150w, https:\/\/www.antbirlik.com.tr\/wp-content\/uploads\/2025\/06\/antalya-aksu-projesi-img-6-600x600.jpg 600w\" sizes=\"(max-width: 150px) 100vw, 150px\" \/><\/a>\n\t\t\t<\/div><\/figure><figure class='gallery-item'>\n\t\t\t<div class='gallery-icon landscape'>\n\t\t\t\t<a data-elementor-open-lightbox=\"yes\" data-elementor-lightbox-slideshow=\"39a73f0\" data-elementor-lightbox-title=\"antalya-aksu-projesi-img-4\" data-e-action-hash=\"#elementor-action%3Aaction%3Dlightbox%26settings%3DeyJpZCI6MzYxNywidXJsIjoiaHR0cHM6XC9cL3d3dy5hbnRiaXJsaWsuY29tLnRyXC93cC1jb250ZW50XC91cGxvYWRzXC8yMDI1XC8wNlwvYW50YWx5YS1ha3N1LXByb2plc2ktaW1nLTQuanBnIiwic2xpZGVzaG93IjoiMzlhNzNmMCJ9\" href='https:\/\/www.antbirlik.com.tr\/wp-content\/uploads\/2025\/06\/antalya-aksu-projesi-img-4.jpg'><img loading=\"lazy\" decoding=\"async\" width=\"150\" height=\"150\" src=\"https:\/\/www.antbirlik.com.tr\/wp-content\/uploads\/2025\/06\/antalya-aksu-projesi-img-4-150x150.jpg\" class=\"attachment-thumbnail size-thumbnail\" alt=\"\" srcset=\"https:\/\/www.antbirlik.com.tr\/wp-content\/uploads\/2025\/06\/antalya-aksu-projesi-img-4-150x150.jpg 150w, https:\/\/www.antbirlik.com.tr\/wp-content\/uploads\/2025\/06\/antalya-aksu-projesi-img-4-600x600.jpg 600w\" sizes=\"(max-width: 150px) 100vw, 150px\" \/><\/a>\n\t\t\t<\/div><\/figure><figure class='gallery-item'>\n\t\t\t<div class='gallery-icon landscape'>\n\t\t\t\t<a data-elementor-open-lightbox=\"yes\" data-elementor-lightbox-slideshow=\"39a73f0\" data-elementor-lightbox-title=\"antalya-aksu-projesi-img-3\" data-e-action-hash=\"#elementor-action%3Aaction%3Dlightbox%26settings%3DeyJpZCI6MzYxNiwidXJsIjoiaHR0cHM6XC9cL3d3dy5hbnRiaXJsaWsuY29tLnRyXC93cC1jb250ZW50XC91cGxvYWRzXC8yMDI1XC8wNlwvYW50YWx5YS1ha3N1LXByb2plc2ktaW1nLTMuanBnIiwic2xpZGVzaG93IjoiMzlhNzNmMCJ9\" href='https:\/\/www.antbirlik.com.tr\/wp-content\/uploads\/2025\/06\/antalya-aksu-projesi-img-3.jpg'><img loading=\"lazy\" decoding=\"async\" width=\"150\" height=\"150\" src=\"https:\/\/www.antbirlik.com.tr\/wp-content\/uploads\/2025\/06\/antalya-aksu-projesi-img-3-150x150.jpg\" class=\"attachment-thumbnail size-thumbnail\" alt=\"\" srcset=\"https:\/\/www.antbirlik.com.tr\/wp-content\/uploads\/2025\/06\/antalya-aksu-projesi-img-3-150x150.jpg 150w, https:\/\/www.antbirlik.com.tr\/wp-content\/uploads\/2025\/06\/antalya-aksu-projesi-img-3-600x600.jpg 600w\" sizes=\"(max-width: 150px) 100vw, 150px\" \/><\/a>\n\t\t\t<\/div><\/figure><figure class='gallery-item'>\n\t\t\t<div class='gallery-icon landscape'>\n\t\t\t\t<a data-elementor-open-lightbox=\"yes\" data-elementor-lightbox-slideshow=\"39a73f0\" data-elementor-lightbox-title=\"antalya-aksu-projesi-img-1_1\" data-e-action-hash=\"#elementor-action%3Aaction%3Dlightbox%26settings%3DeyJpZCI6MzYxNCwidXJsIjoiaHR0cHM6XC9cL3d3dy5hbnRiaXJsaWsuY29tLnRyXC93cC1jb250ZW50XC91cGxvYWRzXC8yMDI1XC8wNlwvYW50YWx5YS1ha3N1LXByb2plc2ktaW1nLTFfMS5qcGciLCJzbGlkZXNob3ciOiIzOWE3M2YwIn0%3D\" href='https:\/\/www.antbirlik.com.tr\/wp-content\/uploads\/2025\/06\/antalya-aksu-projesi-img-1_1.jpg'><img loading=\"lazy\" decoding=\"async\" width=\"150\" height=\"150\" src=\"https:\/\/www.antbirlik.com.tr\/wp-content\/uploads\/2025\/06\/antalya-aksu-projesi-img-1_1-150x150.jpg\" class=\"attachment-thumbnail size-thumbnail\" alt=\"\" srcset=\"https:\/\/www.antbirlik.com.tr\/wp-content\/uploads\/2025\/06\/antalya-aksu-projesi-img-1_1-150x150.jpg 150w, https:\/\/www.antbirlik.com.tr\/wp-content\/uploads\/2025\/06\/antalya-aksu-projesi-img-1_1-600x600.jpg 600w\" sizes=\"(max-width: 150px) 100vw, 150px\" \/><\/a>\n\t\t\t<\/div><\/figure>\n\t\t<\/div>\n\t\t<\/div>\n\t\t\t\t\t\t<\/div>\n\t\t\t\t<\/div>\n\t\t\t\t\t<\/div>\n\t\t\t\t<\/div>\n\t\t\t\t<\/div>\n\t\t","protected":false},"excerpt":{"rendered":"<p>Antalya Aksu &#8211; 3.369 kWp \u00c7at\u0131 GES Antalya Aksu GES; 3.369 kWp kapasiteye sahip g\u00fcne\u015f enerjisi santralidir. 8.424 panel kullan\u0131larak yap\u0131lan proje y\u0131lda toplam 5.727.300 kWh enerji \u00fcretimi ger\u00e7ekle\u015ftiriyor. Proje y\u0131ll\u0131k olarak 3.550 ton sera gaz\u0131 sal\u0131m\u0131n\u0131n engellenmesini ve 8.452 a\u011fac\u0131n kurtar\u0131lmas\u0131n\u0131 sa\u011fl\u0131yor. Antalya Aksu GES projesi, Ekim 2021 tarihinde tamamlanm\u0131\u015ft\u0131r.\u00a0 \u00a0 Proje G\u00fcc\u00fc (DC [&hellip;]<\/p>\n","protected":false},"author":4,"featured_media":0,"parent":3597,"menu_order":0,"comment_status":"closed","ping_status":"closed","template":"","meta":{"ocean_post_layout":"","ocean_both_sidebars_style":"","ocean_both_sidebars_content_width":0,"ocean_both_sidebars_sidebars_width":0,"ocean_sidebar":"","ocean_second_sidebar":"","ocean_disable_margins":"enable","ocean_add_body_class":"","ocean_shortcode_before_top_bar":"","ocean_shortcode_after_top_bar":"","ocean_shortcode_before_header":"","ocean_shortcode_after_header":"","ocean_has_shortcode":"","ocean_shortcode_after_title":"","ocean_shortcode_before_footer_widgets":"","ocean_shortcode_after_footer_widgets":"","ocean_shortcode_before_footer_bottom":"","ocean_shortcode_after_footer_bottom":"","ocean_display_top_bar":"default","ocean_display_header":"default","ocean_header_style":"","ocean_center_header_left_menu":"","ocean_custom_header_template":"","ocean_custom_logo":0,"ocean_custom_retina_logo":0,"ocean_custom_logo_max_width":0,"ocean_custom_logo_tablet_max_width":0,"ocean_custom_logo_mobile_max_width":0,"ocean_custom_logo_max_height":0,"ocean_custom_logo_tablet_max_height":0,"ocean_custom_logo_mobile_max_height":0,"ocean_header_custom_menu":"","ocean_menu_typo_font_family":"","ocean_menu_typo_font_subset":"","ocean_menu_typo_font_size":0,"ocean_menu_typo_font_size_tablet":0,"ocean_menu_typo_font_size_mobile":0,"ocean_menu_typo_font_size_unit":"px","ocean_menu_typo_font_weight":"","ocean_menu_typo_font_weight_tablet":"","ocean_menu_typo_font_weight_mobile":"","ocean_menu_typo_transform":"","ocean_menu_typo_transform_tablet":"","ocean_menu_typo_transform_mobile":"","ocean_menu_typo_line_height":0,"ocean_menu_typo_line_height_tablet":0,"ocean_menu_typo_line_height_mobile":0,"ocean_menu_typo_line_height_unit":"","ocean_menu_typo_spacing":0,"ocean_menu_typo_spacing_tablet":0,"ocean_menu_typo_spacing_mobile":0,"ocean_menu_typo_spacing_unit":"","ocean_menu_link_color":"","ocean_menu_link_color_hover":"","ocean_menu_link_color_active":"","ocean_menu_link_background":"","ocean_menu_link_hover_background":"","ocean_menu_link_active_background":"","ocean_menu_social_links_bg":"","ocean_menu_social_hover_links_bg":"","ocean_menu_social_links_color":"","ocean_menu_social_hover_links_color":"","ocean_disable_title":"default","ocean_disable_heading":"default","ocean_post_title":"","ocean_post_subheading":"","ocean_post_title_style":"","ocean_post_title_background_color":"","ocean_post_title_background":0,"ocean_post_title_bg_image_position":"","ocean_post_title_bg_image_attachment":"","ocean_post_title_bg_image_repeat":"","ocean_post_title_bg_image_size":"","ocean_post_title_height":0,"ocean_post_title_bg_overlay":0.5,"ocean_post_title_bg_overlay_color":"","ocean_disable_breadcrumbs":"default","ocean_breadcrumbs_color":"","ocean_breadcrumbs_separator_color":"","ocean_breadcrumbs_links_color":"","ocean_breadcrumbs_links_hover_color":"","ocean_display_footer_widgets":"default","ocean_display_footer_bottom":"default","ocean_custom_footer_template":"","footnotes":""},"class_list":["post-3625","page","type-page","status-publish","hentry","entry"],"_links":{"self":[{"href":"https:\/\/www.antbirlik.com.tr\/index.php?rest_route=\/wp\/v2\/pages\/3625","targetHints":{"allow":["GET"]}}],"collection":[{"href":"https:\/\/www.antbirlik.com.tr\/index.php?rest_route=\/wp\/v2\/pages"}],"about":[{"href":"https:\/\/www.antbirlik.com.tr\/index.php?rest_route=\/wp\/v2\/types\/page"}],"author":[{"embeddable":true,"href":"https:\/\/www.antbirlik.com.tr\/index.php?rest_route=\/wp\/v2\/users\/4"}],"replies":[{"embeddable":true,"href":"https:\/\/www.antbirlik.com.tr\/index.php?rest_route=%2Fwp%2Fv2%2Fcomments&post=3625"}],"version-history":[{"count":4,"href":"https:\/\/www.antbirlik.com.tr\/index.php?rest_route=\/wp\/v2\/pages\/3625\/revisions"}],"predecessor-version":[{"id":3629,"href":"https:\/\/www.antbirlik.com.tr\/index.php?rest_route=\/wp\/v2\/pages\/3625\/revisions\/3629"}],"up":[{"embeddable":true,"href":"https:\/\/www.antbirlik.com.tr\/index.php?rest_route=\/wp\/v2\/pages\/3597"}],"wp:attachment":[{"href":"https:\/\/www.antbirlik.com.tr\/index.php?rest_route=%2Fwp%2Fv2%2Fmedia&parent=3625"}],"curies":[{"name":"wp","href":"https:\/\/api.w.org\/{rel}","templated":true}]}}