{"id":3661,"date":"2025-06-20T10:49:51","date_gmt":"2025-06-20T07:49:51","guid":{"rendered":"https:\/\/www.antbirlik.com.tr\/?page_id=3661"},"modified":"2025-06-20T10:59:19","modified_gmt":"2025-06-20T07:59:19","slug":"serik-kooperatifi-1-455-kwp-cati-ges-projesi","status":"publish","type":"page","link":"https:\/\/www.antbirlik.com.tr\/?page_id=3661","title":{"rendered":"Serik Kooperatifi &#8211; 1.455 kWp \u00c7at\u0131 GES Projesi"},"content":{"rendered":"\t\t<div data-elementor-type=\"wp-page\" data-elementor-id=\"3661\" class=\"elementor elementor-3661\" data-elementor-post-type=\"page\">\n\t\t\t\t<div class=\"elementor-element elementor-element-cf47376 e-flex e-con-boxed e-con e-parent\" data-id=\"cf47376\" data-element_type=\"container\">\n\t\t\t\t\t<div class=\"e-con-inner\">\n\t\t\t\t\t\t\t<h2 class=\"e-heading-base\"  >\n\t\t\tSerik Kooperatifi- 1.455 kWp \u00c7at\u0131 GES Projesi\n\n\t\t<\/h2>\n\t\t\t\t\t<\/div>\n\t\t\t\t<\/div>\n\t\t<div class=\"elementor-element elementor-element-1e27f21 e-flex e-con-boxed e-con e-parent\" data-id=\"1e27f21\" data-element_type=\"container\">\n\t\t\t\t\t<div class=\"e-con-inner\">\n\t\t\t\t\t\t\t\t<p class=\"e-paragraph-base\"  >\n\t\t\t\t\t\t\t\t\t\tBirli\u011fimize Ba\u011fl\u0131 Serik Kooperatifimiz depo ve binalar\u0131n \u00e7at\u0131lar\u0131n\u0131n \u00fczerine yap\u0131lan; 1.455kWp kapasiteye sahip g\u00fcne\u015f enerjisi santralidir. 3.636 panel kullan\u0131larak yap\u0131lan proje y\u0131lda toplam 2.471.800 kWh enerji \u00fcretimi ger\u00e7ekle\u015ftiriyor. Proje y\u0131ll\u0131k olarak 1.532 ton sera gaz\u0131 sal\u0131m\u0131n\u0131n engellenmesini ve 3.648 a\u011fac\u0131n kurtar\u0131lmas\u0131n\u0131 sa\u011fl\u0131yor. Antalya \u00c7and\u0131r GES projesi, Ekim 2021 tarihinde tamamlanm\u0131\u015ft\u0131r. \n\n\n\t\t\t\t\t\t<\/p>\n\t\t\t\t\t<\/div>\n\t\t\t\t<\/div>\n\t\t<div class=\"elementor-element elementor-element-5bb8e6b e-flex e-con-boxed e-con e-parent\" data-id=\"5bb8e6b\" data-element_type=\"container\">\n\t\t\t\t\t<div class=\"e-con-inner\">\n\t\t\t\t\t<\/div>\n\t\t\t\t<\/div>\n\t\t<div class=\"elementor-element elementor-element-20ef6fb e-flex e-con-boxed e-con e-parent\" data-id=\"20ef6fb\" data-element_type=\"container\">\n\t\t\t\t\t<div class=\"e-con-inner\">\n\t\t\t\t<div class=\"elementor-element elementor-element-d6893ba elementor-widget elementor-widget-spacer\" data-id=\"d6893ba\" data-element_type=\"widget\" data-widget_type=\"spacer.default\">\n\t\t\t\t<div class=\"elementor-widget-container\">\n\t\t\t\t\t\t\t<div class=\"elementor-spacer\">\n\t\t\t<div class=\"elementor-spacer-inner\"><\/div>\n\t\t<\/div>\n\t\t\t\t\t\t<\/div>\n\t\t\t\t<\/div>\n\t\t\t\t\t<\/div>\n\t\t\t\t<\/div>\n\t\t<div class=\"elementor-element elementor-element-eead991 e-con-full e-flex e-con e-parent\" data-id=\"eead991\" data-element_type=\"container\">\n\t\t<div class=\"elementor-element elementor-element-e69e732 e-con-full e-flex e-con e-child\" data-id=\"e69e732\" data-element_type=\"container\">\n\t\t\t\t<\/div>\n\t\t<div class=\"elementor-element elementor-element-b5cb177 e-con-full e-flex e-con e-child\" data-id=\"b5cb177\" data-element_type=\"container\">\n\t\t\t\t\t\t\t\t<p class=\"e-paragraph-base\"  >\n\t\t\t\t\t\t\t\t\t\t\nProje G\u00fcc\u00fc (DC kWp)\t1.455 kWp\nKullan\u0131lan Panel Say\u0131s\u0131\t3.636\nY\u0131ll\u0131k Enerji \u00dcretimi (kWh)\t2.471.800\nHane T\u00fcketim Kar\u015f\u0131l\u0131\u011f\u0131\t814\nTamamlanma Tarihi\tEkim 2021\nY\u0131ll\u0131k Engellenen Sera Gaz\u0131 Sal\u0131m\u0131 (Ton)\t1.532\nY\u0131ll\u0131k Kurtar\u0131lan A\u011fa\u00e7 Say\u0131s\u0131\t3.648\n\t\t\t\t\t\t<\/p>\n\t\t\t\t<\/div>\n\t\t\t\t<div class=\"elementor-element elementor-element-9cbf7b9 elementor-widget elementor-widget-video\" data-id=\"9cbf7b9\" data-element_type=\"widget\" data-settings=\"{&quot;youtube_url&quot;:&quot;https:\\\/\\\/www.youtube.com\\\/watch?v=oo_gaj1xA78&quot;,&quot;video_type&quot;:&quot;youtube&quot;,&quot;controls&quot;:&quot;yes&quot;}\" data-widget_type=\"video.default\">\n\t\t\t\t<div class=\"elementor-widget-container\">\n\t\t\t\t\t\t\t<div class=\"elementor-wrapper elementor-open-inline\">\n\t\t\t<div class=\"elementor-video\"><\/div>\t\t<\/div>\n\t\t\t\t\t\t<\/div>\n\t\t\t\t<\/div>\n\t\t\t\t<\/div>\n\t\t<div class=\"elementor-element elementor-element-27a6d35 e-flex e-con-boxed e-con e-parent\" data-id=\"27a6d35\" data-element_type=\"container\">\n\t\t\t\t\t<div class=\"e-con-inner\">\n\t\t\t\t<div class=\"elementor-element elementor-element-56b43a4 elementor-widget elementor-widget-spacer\" data-id=\"56b43a4\" data-element_type=\"widget\" data-widget_type=\"spacer.default\">\n\t\t\t\t<div class=\"elementor-widget-container\">\n\t\t\t\t\t\t\t<div class=\"elementor-spacer\">\n\t\t\t<div class=\"elementor-spacer-inner\"><\/div>\n\t\t<\/div>\n\t\t\t\t\t\t<\/div>\n\t\t\t\t<\/div>\n\t\t\t\t\t<\/div>\n\t\t\t\t<\/div>\n\t\t<div class=\"elementor-element elementor-element-81596be e-con-full e-flex e-con e-parent\" data-id=\"81596be\" data-element_type=\"container\">\n\t\t\t\t<div class=\"elementor-element elementor-element-4dddfb3 elementor-widget elementor-widget-image-gallery\" data-id=\"4dddfb3\" data-element_type=\"widget\" data-widget_type=\"image-gallery.default\">\n\t\t\t\t<div class=\"elementor-widget-container\">\n\t\t\t\t\t\t\t<div class=\"elementor-image-gallery\">\n\t\t\t<div id='gallery-1' class='gallery galleryid-3661 gallery-columns-4 gallery-size-thumbnail'><figure class='gallery-item'>\n\t\t\t<div class='gallery-icon landscape'>\n\t\t\t\t<a data-elementor-open-lightbox=\"yes\" data-elementor-lightbox-slideshow=\"4dddfb3\" data-elementor-lightbox-title=\"antalya-candir-projesi-img-1_1_1\" data-e-action-hash=\"#elementor-action%3Aaction%3Dlightbox%26settings%3DeyJpZCI6MzY2MywidXJsIjoiaHR0cHM6XC9cL3d3dy5hbnRiaXJsaWsuY29tLnRyXC93cC1jb250ZW50XC91cGxvYWRzXC8yMDI1XC8wNlwvYW50YWx5YS1jYW5kaXItcHJvamVzaS1pbWctMV8xXzEuanBnIiwic2xpZGVzaG93IjoiNGRkZGZiMyJ9\" href='https:\/\/www.antbirlik.com.tr\/wp-content\/uploads\/2025\/06\/antalya-candir-projesi-img-1_1_1.jpg'><img decoding=\"async\" width=\"150\" height=\"150\" src=\"https:\/\/www.antbirlik.com.tr\/wp-content\/uploads\/2025\/06\/antalya-candir-projesi-img-1_1_1-150x150.jpg\" class=\"attachment-thumbnail size-thumbnail\" alt=\"\" srcset=\"https:\/\/www.antbirlik.com.tr\/wp-content\/uploads\/2025\/06\/antalya-candir-projesi-img-1_1_1-150x150.jpg 150w, https:\/\/www.antbirlik.com.tr\/wp-content\/uploads\/2025\/06\/antalya-candir-projesi-img-1_1_1-600x600.jpg 600w\" sizes=\"(max-width: 150px) 100vw, 150px\" \/><\/a>\n\t\t\t<\/div><\/figure><figure class='gallery-item'>\n\t\t\t<div class='gallery-icon landscape'>\n\t\t\t\t<a data-elementor-open-lightbox=\"yes\" data-elementor-lightbox-slideshow=\"4dddfb3\" data-elementor-lightbox-title=\"antalya-candir-projesi-img-2_1\" data-e-action-hash=\"#elementor-action%3Aaction%3Dlightbox%26settings%3DeyJpZCI6MzY2NCwidXJsIjoiaHR0cHM6XC9cL3d3dy5hbnRiaXJsaWsuY29tLnRyXC93cC1jb250ZW50XC91cGxvYWRzXC8yMDI1XC8wNlwvYW50YWx5YS1jYW5kaXItcHJvamVzaS1pbWctMl8xLmpwZyIsInNsaWRlc2hvdyI6IjRkZGRmYjMifQ%3D%3D\" href='https:\/\/www.antbirlik.com.tr\/wp-content\/uploads\/2025\/06\/antalya-candir-projesi-img-2_1.jpg'><img decoding=\"async\" width=\"150\" height=\"150\" src=\"https:\/\/www.antbirlik.com.tr\/wp-content\/uploads\/2025\/06\/antalya-candir-projesi-img-2_1-150x150.jpg\" class=\"attachment-thumbnail size-thumbnail\" alt=\"\" srcset=\"https:\/\/www.antbirlik.com.tr\/wp-content\/uploads\/2025\/06\/antalya-candir-projesi-img-2_1-150x150.jpg 150w, https:\/\/www.antbirlik.com.tr\/wp-content\/uploads\/2025\/06\/antalya-candir-projesi-img-2_1-600x600.jpg 600w\" sizes=\"(max-width: 150px) 100vw, 150px\" \/><\/a>\n\t\t\t<\/div><\/figure><figure class='gallery-item'>\n\t\t\t<div class='gallery-icon landscape'>\n\t\t\t\t<a data-elementor-open-lightbox=\"yes\" data-elementor-lightbox-slideshow=\"4dddfb3\" data-elementor-lightbox-title=\"antalya-candir-projesi-img-4_1\" data-e-action-hash=\"#elementor-action%3Aaction%3Dlightbox%26settings%3DeyJpZCI6MzY2NSwidXJsIjoiaHR0cHM6XC9cL3d3dy5hbnRiaXJsaWsuY29tLnRyXC93cC1jb250ZW50XC91cGxvYWRzXC8yMDI1XC8wNlwvYW50YWx5YS1jYW5kaXItcHJvamVzaS1pbWctNF8xLmpwZyIsInNsaWRlc2hvdyI6IjRkZGRmYjMifQ%3D%3D\" href='https:\/\/www.antbirlik.com.tr\/wp-content\/uploads\/2025\/06\/antalya-candir-projesi-img-4_1.jpg'><img decoding=\"async\" width=\"150\" height=\"150\" src=\"https:\/\/www.antbirlik.com.tr\/wp-content\/uploads\/2025\/06\/antalya-candir-projesi-img-4_1-150x150.jpg\" class=\"attachment-thumbnail size-thumbnail\" alt=\"\" srcset=\"https:\/\/www.antbirlik.com.tr\/wp-content\/uploads\/2025\/06\/antalya-candir-projesi-img-4_1-150x150.jpg 150w, https:\/\/www.antbirlik.com.tr\/wp-content\/uploads\/2025\/06\/antalya-candir-projesi-img-4_1-600x600.jpg 600w\" sizes=\"(max-width: 150px) 100vw, 150px\" \/><\/a>\n\t\t\t<\/div><\/figure><figure class='gallery-item'>\n\t\t\t<div class='gallery-icon landscape'>\n\t\t\t\t<a data-elementor-open-lightbox=\"yes\" data-elementor-lightbox-slideshow=\"4dddfb3\" data-elementor-lightbox-title=\"antalya-candir-projesi-img-5_1\" data-e-action-hash=\"#elementor-action%3Aaction%3Dlightbox%26settings%3DeyJpZCI6MzY2NiwidXJsIjoiaHR0cHM6XC9cL3d3dy5hbnRiaXJsaWsuY29tLnRyXC93cC1jb250ZW50XC91cGxvYWRzXC8yMDI1XC8wNlwvYW50YWx5YS1jYW5kaXItcHJvamVzaS1pbWctNV8xLmpwZyIsInNsaWRlc2hvdyI6IjRkZGRmYjMifQ%3D%3D\" href='https:\/\/www.antbirlik.com.tr\/wp-content\/uploads\/2025\/06\/antalya-candir-projesi-img-5_1.jpg'><img loading=\"lazy\" decoding=\"async\" width=\"150\" height=\"150\" src=\"https:\/\/www.antbirlik.com.tr\/wp-content\/uploads\/2025\/06\/antalya-candir-projesi-img-5_1-150x150.jpg\" class=\"attachment-thumbnail size-thumbnail\" alt=\"\" srcset=\"https:\/\/www.antbirlik.com.tr\/wp-content\/uploads\/2025\/06\/antalya-candir-projesi-img-5_1-150x150.jpg 150w, https:\/\/www.antbirlik.com.tr\/wp-content\/uploads\/2025\/06\/antalya-candir-projesi-img-5_1-600x600.jpg 600w\" sizes=\"(max-width: 150px) 100vw, 150px\" \/><\/a>\n\t\t\t<\/div><\/figure><figure class='gallery-item'>\n\t\t\t<div class='gallery-icon landscape'>\n\t\t\t\t<a data-elementor-open-lightbox=\"yes\" data-elementor-lightbox-slideshow=\"4dddfb3\" data-elementor-lightbox-title=\"antalya-candir-projesi-img-6_1\" data-e-action-hash=\"#elementor-action%3Aaction%3Dlightbox%26settings%3DeyJpZCI6MzY2NywidXJsIjoiaHR0cHM6XC9cL3d3dy5hbnRiaXJsaWsuY29tLnRyXC93cC1jb250ZW50XC91cGxvYWRzXC8yMDI1XC8wNlwvYW50YWx5YS1jYW5kaXItcHJvamVzaS1pbWctNl8xLmpwZyIsInNsaWRlc2hvdyI6IjRkZGRmYjMifQ%3D%3D\" href='https:\/\/www.antbirlik.com.tr\/wp-content\/uploads\/2025\/06\/antalya-candir-projesi-img-6_1.jpg'><img loading=\"lazy\" decoding=\"async\" width=\"150\" height=\"150\" src=\"https:\/\/www.antbirlik.com.tr\/wp-content\/uploads\/2025\/06\/antalya-candir-projesi-img-6_1-150x150.jpg\" class=\"attachment-thumbnail size-thumbnail\" alt=\"\" srcset=\"https:\/\/www.antbirlik.com.tr\/wp-content\/uploads\/2025\/06\/antalya-candir-projesi-img-6_1-150x150.jpg 150w, https:\/\/www.antbirlik.com.tr\/wp-content\/uploads\/2025\/06\/antalya-candir-projesi-img-6_1-600x600.jpg 600w\" sizes=\"(max-width: 150px) 100vw, 150px\" \/><\/a>\n\t\t\t<\/div><\/figure><figure class='gallery-item'>\n\t\t\t<div class='gallery-icon landscape'>\n\t\t\t\t<a data-elementor-open-lightbox=\"yes\" data-elementor-lightbox-slideshow=\"4dddfb3\" data-elementor-lightbox-title=\"antalya-candir-projesi-img-7_1\" data-e-action-hash=\"#elementor-action%3Aaction%3Dlightbox%26settings%3DeyJpZCI6MzY2OCwidXJsIjoiaHR0cHM6XC9cL3d3dy5hbnRiaXJsaWsuY29tLnRyXC93cC1jb250ZW50XC91cGxvYWRzXC8yMDI1XC8wNlwvYW50YWx5YS1jYW5kaXItcHJvamVzaS1pbWctN18xLmpwZyIsInNsaWRlc2hvdyI6IjRkZGRmYjMifQ%3D%3D\" href='https:\/\/www.antbirlik.com.tr\/wp-content\/uploads\/2025\/06\/antalya-candir-projesi-img-7_1.jpg'><img loading=\"lazy\" decoding=\"async\" width=\"150\" height=\"150\" src=\"https:\/\/www.antbirlik.com.tr\/wp-content\/uploads\/2025\/06\/antalya-candir-projesi-img-7_1-150x150.jpg\" class=\"attachment-thumbnail size-thumbnail\" alt=\"\" srcset=\"https:\/\/www.antbirlik.com.tr\/wp-content\/uploads\/2025\/06\/antalya-candir-projesi-img-7_1-150x150.jpg 150w, https:\/\/www.antbirlik.com.tr\/wp-content\/uploads\/2025\/06\/antalya-candir-projesi-img-7_1-600x600.jpg 600w\" sizes=\"(max-width: 150px) 100vw, 150px\" \/><\/a>\n\t\t\t<\/div><\/figure><figure class='gallery-item'>\n\t\t\t<div class='gallery-icon landscape'>\n\t\t\t\t<a data-elementor-open-lightbox=\"yes\" data-elementor-lightbox-slideshow=\"4dddfb3\" data-elementor-lightbox-title=\"antalya-candir-projesi-img-8_1\" data-e-action-hash=\"#elementor-action%3Aaction%3Dlightbox%26settings%3DeyJpZCI6MzY2OSwidXJsIjoiaHR0cHM6XC9cL3d3dy5hbnRiaXJsaWsuY29tLnRyXC93cC1jb250ZW50XC91cGxvYWRzXC8yMDI1XC8wNlwvYW50YWx5YS1jYW5kaXItcHJvamVzaS1pbWctOF8xLmpwZyIsInNsaWRlc2hvdyI6IjRkZGRmYjMifQ%3D%3D\" href='https:\/\/www.antbirlik.com.tr\/wp-content\/uploads\/2025\/06\/antalya-candir-projesi-img-8_1.jpg'><img loading=\"lazy\" decoding=\"async\" width=\"150\" height=\"150\" src=\"https:\/\/www.antbirlik.com.tr\/wp-content\/uploads\/2025\/06\/antalya-candir-projesi-img-8_1-150x150.jpg\" class=\"attachment-thumbnail size-thumbnail\" alt=\"\" srcset=\"https:\/\/www.antbirlik.com.tr\/wp-content\/uploads\/2025\/06\/antalya-candir-projesi-img-8_1-150x150.jpg 150w, https:\/\/www.antbirlik.com.tr\/wp-content\/uploads\/2025\/06\/antalya-candir-projesi-img-8_1-600x600.jpg 600w\" sizes=\"(max-width: 150px) 100vw, 150px\" \/><\/a>\n\t\t\t<\/div><\/figure><figure class='gallery-item'>\n\t\t\t<div class='gallery-icon landscape'>\n\t\t\t\t<a data-elementor-open-lightbox=\"yes\" data-elementor-lightbox-slideshow=\"4dddfb3\" data-elementor-lightbox-title=\"antalya-candir-projesi-img-9_1\" data-e-action-hash=\"#elementor-action%3Aaction%3Dlightbox%26settings%3DeyJpZCI6MzY3MCwidXJsIjoiaHR0cHM6XC9cL3d3dy5hbnRiaXJsaWsuY29tLnRyXC93cC1jb250ZW50XC91cGxvYWRzXC8yMDI1XC8wNlwvYW50YWx5YS1jYW5kaXItcHJvamVzaS1pbWctOV8xLmpwZyIsInNsaWRlc2hvdyI6IjRkZGRmYjMifQ%3D%3D\" href='https:\/\/www.antbirlik.com.tr\/wp-content\/uploads\/2025\/06\/antalya-candir-projesi-img-9_1.jpg'><img loading=\"lazy\" decoding=\"async\" width=\"150\" height=\"150\" src=\"https:\/\/www.antbirlik.com.tr\/wp-content\/uploads\/2025\/06\/antalya-candir-projesi-img-9_1-150x150.jpg\" class=\"attachment-thumbnail size-thumbnail\" alt=\"\" srcset=\"https:\/\/www.antbirlik.com.tr\/wp-content\/uploads\/2025\/06\/antalya-candir-projesi-img-9_1-150x150.jpg 150w, https:\/\/www.antbirlik.com.tr\/wp-content\/uploads\/2025\/06\/antalya-candir-projesi-img-9_1-600x600.jpg 600w\" sizes=\"(max-width: 150px) 100vw, 150px\" \/><\/a>\n\t\t\t<\/div><\/figure>\n\t\t<\/div>\n\t\t<\/div>\n\t\t\t\t\t\t<\/div>\n\t\t\t\t<\/div>\n\t\t\t\t<\/div>\n\t\t\t\t<\/div>\n\t\t","protected":false},"excerpt":{"rendered":"<p>Serik Kooperatifi- 1.455 kWp \u00c7at\u0131 GES Projesi Birli\u011fimize Ba\u011fl\u0131 Serik Kooperatifimiz depo ve binalar\u0131n \u00e7at\u0131lar\u0131n\u0131n \u00fczerine yap\u0131lan; 1.455kWp kapasiteye sahip g\u00fcne\u015f enerjisi santralidir. 3.636 panel kullan\u0131larak yap\u0131lan proje y\u0131lda toplam 2.471.800 kWh enerji \u00fcretimi ger\u00e7ekle\u015ftiriyor. Proje y\u0131ll\u0131k olarak 1.532 ton sera gaz\u0131 sal\u0131m\u0131n\u0131n engellenmesini ve 3.648 a\u011fac\u0131n kurtar\u0131lmas\u0131n\u0131 sa\u011fl\u0131yor. Antalya \u00c7and\u0131r GES projesi, Ekim 2021 [&hellip;]<\/p>\n","protected":false},"author":4,"featured_media":0,"parent":3597,"menu_order":0,"comment_status":"closed","ping_status":"closed","template":"","meta":{"ocean_post_layout":"","ocean_both_sidebars_style":"","ocean_both_sidebars_content_width":0,"ocean_both_sidebars_sidebars_width":0,"ocean_sidebar":"","ocean_second_sidebar":"","ocean_disable_margins":"enable","ocean_add_body_class":"","ocean_shortcode_before_top_bar":"","ocean_shortcode_after_top_bar":"","ocean_shortcode_before_header":"","ocean_shortcode_after_header":"","ocean_has_shortcode":"","ocean_shortcode_after_title":"","ocean_shortcode_before_footer_widgets":"","ocean_shortcode_after_footer_widgets":"","ocean_shortcode_before_footer_bottom":"","ocean_shortcode_after_footer_bottom":"","ocean_display_top_bar":"default","ocean_display_header":"default","ocean_header_style":"","ocean_center_header_left_menu":"","ocean_custom_header_template":"","ocean_custom_logo":0,"ocean_custom_retina_logo":0,"ocean_custom_logo_max_width":0,"ocean_custom_logo_tablet_max_width":0,"ocean_custom_logo_mobile_max_width":0,"ocean_custom_logo_max_height":0,"ocean_custom_logo_tablet_max_height":0,"ocean_custom_logo_mobile_max_height":0,"ocean_header_custom_menu":"","ocean_menu_typo_font_family":"","ocean_menu_typo_font_subset":"","ocean_menu_typo_font_size":0,"ocean_menu_typo_font_size_tablet":0,"ocean_menu_typo_font_size_mobile":0,"ocean_menu_typo_font_size_unit":"px","ocean_menu_typo_font_weight":"","ocean_menu_typo_font_weight_tablet":"","ocean_menu_typo_font_weight_mobile":"","ocean_menu_typo_transform":"","ocean_menu_typo_transform_tablet":"","ocean_menu_typo_transform_mobile":"","ocean_menu_typo_line_height":0,"ocean_menu_typo_line_height_tablet":0,"ocean_menu_typo_line_height_mobile":0,"ocean_menu_typo_line_height_unit":"","ocean_menu_typo_spacing":0,"ocean_menu_typo_spacing_tablet":0,"ocean_menu_typo_spacing_mobile":0,"ocean_menu_typo_spacing_unit":"","ocean_menu_link_color":"","ocean_menu_link_color_hover":"","ocean_menu_link_color_active":"","ocean_menu_link_background":"","ocean_menu_link_hover_background":"","ocean_menu_link_active_background":"","ocean_menu_social_links_bg":"","ocean_menu_social_hover_links_bg":"","ocean_menu_social_links_color":"","ocean_menu_social_hover_links_color":"","ocean_disable_title":"default","ocean_disable_heading":"default","ocean_post_title":"","ocean_post_subheading":"","ocean_post_title_style":"","ocean_post_title_background_color":"","ocean_post_title_background":0,"ocean_post_title_bg_image_position":"","ocean_post_title_bg_image_attachment":"","ocean_post_title_bg_image_repeat":"","ocean_post_title_bg_image_size":"","ocean_post_title_height":0,"ocean_post_title_bg_overlay":0.5,"ocean_post_title_bg_overlay_color":"","ocean_disable_breadcrumbs":"default","ocean_breadcrumbs_color":"","ocean_breadcrumbs_separator_color":"","ocean_breadcrumbs_links_color":"","ocean_breadcrumbs_links_hover_color":"","ocean_display_footer_widgets":"default","ocean_display_footer_bottom":"default","ocean_custom_footer_template":"","footnotes":""},"class_list":["post-3661","page","type-page","status-publish","hentry","entry"],"_links":{"self":[{"href":"https:\/\/www.antbirlik.com.tr\/index.php?rest_route=\/wp\/v2\/pages\/3661","targetHints":{"allow":["GET"]}}],"collection":[{"href":"https:\/\/www.antbirlik.com.tr\/index.php?rest_route=\/wp\/v2\/pages"}],"about":[{"href":"https:\/\/www.antbirlik.com.tr\/index.php?rest_route=\/wp\/v2\/types\/page"}],"author":[{"embeddable":true,"href":"https:\/\/www.antbirlik.com.tr\/index.php?rest_route=\/wp\/v2\/users\/4"}],"replies":[{"embeddable":true,"href":"https:\/\/www.antbirlik.com.tr\/index.php?rest_route=%2Fwp%2Fv2%2Fcomments&post=3661"}],"version-history":[{"count":4,"href":"https:\/\/www.antbirlik.com.tr\/index.php?rest_route=\/wp\/v2\/pages\/3661\/revisions"}],"predecessor-version":[{"id":3673,"href":"https:\/\/www.antbirlik.com.tr\/index.php?rest_route=\/wp\/v2\/pages\/3661\/revisions\/3673"}],"up":[{"embeddable":true,"href":"https:\/\/www.antbirlik.com.tr\/index.php?rest_route=\/wp\/v2\/pages\/3597"}],"wp:attachment":[{"href":"https:\/\/www.antbirlik.com.tr\/index.php?rest_route=%2Fwp%2Fv2%2Fmedia&parent=3661"}],"curies":[{"name":"wp","href":"https:\/\/api.w.org\/{rel}","templated":true}]}}