{"id":996,"date":"2018-04-03T16:37:05","date_gmt":"2018-04-03T13:37:05","guid":{"rendered":"http:\/\/www.antbirlik.com.tr\/?page_id=996"},"modified":"2018-04-03T16:37:05","modified_gmt":"2018-04-03T13:37:05","slug":"tarim-marketler","status":"publish","type":"page","link":"https:\/\/www.antbirlik.com.tr\/?page_id=996","title":{"rendered":"Tar\u0131m Marketler"},"content":{"rendered":"<p>B\u00f6lge \u00fcreticilerinin her t\u00fcrl\u00fc zirai \u00fcretimlerine y\u00f6nelik girdi ihtiya\u00e7lar\u0131n\u0131 sa\u011flamak i\u00e7in 2005 y\u0131l\u0131nda kurulan Tar\u0131m Marketler son derece ba\u015far\u0131l\u0131 olmu\u015f bug\u00fcn 5 \u015fubesi ile birlikte faaliyet g\u00f6stermekte y\u0131ll\u0131k 8.000.000 TL. ye kadar \u00e7\u0131karm\u0131\u015ft\u0131r. Tar\u0131m market olu\u015fumu 17 birlik i\u00e7erisinde sadece Antbirlik\u2019te mevcuttur. Marketlerimizde 460 \u00e7e\u015fit tar\u0131msal girdi sat\u0131lmaktad\u0131r. Marketlerin \u015fube say\u0131s\u0131n\u0131n \u00f6n\u00fcm\u00fczdeki \u00fc\u00e7 y\u0131l i\u00e7erisinde 10 \u015fubeye \u00e7\u0131karmas\u0131 hedeflenmektedir. En son Antalya Hal Kompleksi i\u00e7erisinde a\u00e7\u0131lan tar\u0131m marketimiz ile sadece Antalya b\u00f6lgesindeki \u00fcreticileri de\u011fil, Antalya hali ile ilgisi olan t\u00fcm \u00fcreticilere y\u00f6nelik \u00fcretimde kullanacaklar\u0131 ihtiya\u00e7 maddesi sat\u0131\u015f\u0131na ba\u015flanm\u0131\u015ft\u0131r. Antbirlik taraf\u0131ndan hizmete sokulan Tar\u0131m Marketlerle hedeflenen ama\u00e7 \u00fcreticilere ihtiya\u00e7 maddeleri sat\u0131\u015f\u0131n\u0131n ger\u00e7ekle\u015ftirilmesinin yan\u0131nda, uygulanan ucuz fiyat politikas\u0131 ile s\u00f6z konusu piyasada denge unsuru da olu\u015fturmakt\u0131r.<\/p>\n","protected":false},"excerpt":{"rendered":"<p>B\u00f6lge \u00fcreticilerinin her t\u00fcrl\u00fc zirai \u00fcretimlerine y\u00f6nelik girdi ihtiya\u00e7lar\u0131n\u0131 sa\u011flamak i\u00e7in 2005 y\u0131l\u0131nda kurulan Tar\u0131m Marketler son derece ba\u015far\u0131l\u0131 olmu\u015f bug\u00fcn 5 \u015fubesi ile birlikte faaliyet g\u00f6stermekte y\u0131ll\u0131k 8.000.000 TL. ye kadar \u00e7\u0131karm\u0131\u015ft\u0131r. Tar\u0131m market olu\u015fumu 17 birlik i\u00e7erisinde sadece Antbirlik\u2019te mevcuttur. Marketlerimizde 460 \u00e7e\u015fit tar\u0131msal girdi sat\u0131lmaktad\u0131r. Marketlerin \u015fube say\u0131s\u0131n\u0131n \u00f6n\u00fcm\u00fczdeki \u00fc\u00e7 y\u0131l i\u00e7erisinde [&hellip;]<\/p>\n","protected":false},"author":1,"featured_media":0,"parent":990,"menu_order":0,"comment_status":"closed","ping_status":"closed","template":"","meta":{"ocean_post_layout":"","ocean_both_sidebars_style":"","ocean_both_sidebars_content_width":0,"ocean_both_sidebars_sidebars_width":0,"ocean_sidebar":"","ocean_second_sidebar":"","ocean_disable_margins":"enable","ocean_add_body_class":"","ocean_shortcode_before_top_bar":"","ocean_shortcode_after_top_bar":"","ocean_shortcode_before_header":"","ocean_shortcode_after_header":"","ocean_has_shortcode":"","ocean_shortcode_after_title":"","ocean_shortcode_before_footer_widgets":"","ocean_shortcode_after_footer_widgets":"","ocean_shortcode_before_footer_bottom":"","ocean_shortcode_after_footer_bottom":"","ocean_display_top_bar":"default","ocean_display_header":"default","ocean_header_style":"","ocean_center_header_left_menu":"","ocean_custom_header_template":"","ocean_custom_logo":0,"ocean_custom_retina_logo":0,"ocean_custom_logo_max_width":0,"ocean_custom_logo_tablet_max_width":0,"ocean_custom_logo_mobile_max_width":0,"ocean_custom_logo_max_height":0,"ocean_custom_logo_tablet_max_height":0,"ocean_custom_logo_mobile_max_height":0,"ocean_header_custom_menu":"","ocean_menu_typo_font_family":"","ocean_menu_typo_font_subset":"","ocean_menu_typo_font_size":0,"ocean_menu_typo_font_size_tablet":0,"ocean_menu_typo_font_size_mobile":0,"ocean_menu_typo_font_size_unit":"px","ocean_menu_typo_font_weight":"","ocean_menu_typo_font_weight_tablet":"","ocean_menu_typo_font_weight_mobile":"","ocean_menu_typo_transform":"","ocean_menu_typo_transform_tablet":"","ocean_menu_typo_transform_mobile":"","ocean_menu_typo_line_height":0,"ocean_menu_typo_line_height_tablet":0,"ocean_menu_typo_line_height_mobile":0,"ocean_menu_typo_line_height_unit":"","ocean_menu_typo_spacing":0,"ocean_menu_typo_spacing_tablet":0,"ocean_menu_typo_spacing_mobile":0,"ocean_menu_typo_spacing_unit":"","ocean_menu_link_color":"","ocean_menu_link_color_hover":"","ocean_menu_link_color_active":"","ocean_menu_link_background":"","ocean_menu_link_hover_background":"","ocean_menu_link_active_background":"","ocean_menu_social_links_bg":"","ocean_menu_social_hover_links_bg":"","ocean_menu_social_links_color":"","ocean_menu_social_hover_links_color":"","ocean_disable_title":"default","ocean_disable_heading":"default","ocean_post_title":"","ocean_post_subheading":"","ocean_post_title_style":"","ocean_post_title_background_color":"","ocean_post_title_background":0,"ocean_post_title_bg_image_position":"","ocean_post_title_bg_image_attachment":"","ocean_post_title_bg_image_repeat":"","ocean_post_title_bg_image_size":"","ocean_post_title_height":0,"ocean_post_title_bg_overlay":0.5,"ocean_post_title_bg_overlay_color":"","ocean_disable_breadcrumbs":"default","ocean_breadcrumbs_color":"","ocean_breadcrumbs_separator_color":"","ocean_breadcrumbs_links_color":"","ocean_breadcrumbs_links_hover_color":"","ocean_display_footer_widgets":"default","ocean_display_footer_bottom":"default","ocean_custom_footer_template":"","footnotes":""},"class_list":["post-996","page","type-page","status-publish","hentry","entry"],"_links":{"self":[{"href":"https:\/\/www.antbirlik.com.tr\/index.php?rest_route=\/wp\/v2\/pages\/996","targetHints":{"allow":["GET"]}}],"collection":[{"href":"https:\/\/www.antbirlik.com.tr\/index.php?rest_route=\/wp\/v2\/pages"}],"about":[{"href":"https:\/\/www.antbirlik.com.tr\/index.php?rest_route=\/wp\/v2\/types\/page"}],"author":[{"embeddable":true,"href":"https:\/\/www.antbirlik.com.tr\/index.php?rest_route=\/wp\/v2\/users\/1"}],"replies":[{"embeddable":true,"href":"https:\/\/www.antbirlik.com.tr\/index.php?rest_route=%2Fwp%2Fv2%2Fcomments&post=996"}],"version-history":[{"count":1,"href":"https:\/\/www.antbirlik.com.tr\/index.php?rest_route=\/wp\/v2\/pages\/996\/revisions"}],"predecessor-version":[{"id":997,"href":"https:\/\/www.antbirlik.com.tr\/index.php?rest_route=\/wp\/v2\/pages\/996\/revisions\/997"}],"up":[{"embeddable":true,"href":"https:\/\/www.antbirlik.com.tr\/index.php?rest_route=\/wp\/v2\/pages\/990"}],"wp:attachment":[{"href":"https:\/\/www.antbirlik.com.tr\/index.php?rest_route=%2Fwp%2Fv2%2Fmedia&parent=996"}],"curies":[{"name":"wp","href":"https:\/\/api.w.org\/{rel}","templated":true}]}}