{"id":998,"date":"2018-04-03T16:45:40","date_gmt":"2018-04-03T13:45:40","guid":{"rendered":"http:\/\/www.antbirlik.com.tr\/?page_id=998"},"modified":"2018-04-03T16:45:40","modified_gmt":"2018-04-03T13:45:40","slug":"narenciye-tesisi","status":"publish","type":"page","link":"https:\/\/www.antbirlik.com.tr\/?page_id=998","title":{"rendered":"Narenciye Tesisi"},"content":{"rendered":"<p>Narenciye Tasnif, Sarartma, Mumlama ve Paketleme Tesisi<\/p>\n<p>ANTB\u0130RL\u0130K Narenciye Tesisimiz, Serik \u0130l\u00e7esinde 9.000 m2 a\u00e7\u0131k alan, 3.100 m2 fabrika ve depolar, 450 m2 idari binalar \u00fczerine kurulmu\u015f olup, Frans\u0131z yap\u0131m\u0131 2001 teknolojiye sahiptir. Bunun yan\u0131nda \u0130plik Fabrikas\u0131 sahas\u0131nda faaliyete ge\u00e7irilen 8 Ton\/saat narenciye kapasitesine sahip Narenciye Sarartma Mumlama Paketleme ve Tasnif Tesisimiz ile narenciye, ya\u015f sebze ve meyve i\u015flenmekte, bu iki tesisimizde kiraya verilerek b\u00f6lgedeki \u00e7ift\u00e7ilerin \u00fcr\u00fcnlerini de\u011ferlendirilmesine yard\u0131mc\u0131 olunmaktad\u0131r. Bu tesislerdeki \u00fcr\u00fcnler a\u011f\u0131rl\u0131kl\u0131 olarak ihra\u00e7 edilerek \u00fclkemize d\u00f6viz geliri elde edilmesine katk\u0131da bulunmaktad\u0131r. 2007 y\u0131l\u0131nda b\u00f6lge \u00e7ift\u00e7isinin narenciye ve sebze \u00fcr\u00fcnlerini de\u011ferlendirmek amac\u0131yla 2400 m2 kapal\u0131 alanda 5 ton\/saat limon i\u015fleme kapasiteli tesis kurulmu\u015ftur. Halen b\u00f6lge \u00e7ift\u00e7ilerine hizmet etmektedir.<\/p>\n","protected":false},"excerpt":{"rendered":"<p>Narenciye Tasnif, Sarartma, Mumlama ve Paketleme Tesisi ANTB\u0130RL\u0130K Narenciye Tesisimiz, Serik \u0130l\u00e7esinde 9.000 m2 a\u00e7\u0131k alan, 3.100 m2 fabrika ve depolar, 450 m2 idari binalar \u00fczerine kurulmu\u015f olup, Frans\u0131z yap\u0131m\u0131 2001 teknolojiye sahiptir. Bunun yan\u0131nda \u0130plik Fabrikas\u0131 sahas\u0131nda faaliyete ge\u00e7irilen 8 Ton\/saat narenciye kapasitesine sahip Narenciye Sarartma Mumlama Paketleme ve Tasnif Tesisimiz ile narenciye, ya\u015f [&hellip;]<\/p>\n","protected":false},"author":1,"featured_media":0,"parent":990,"menu_order":0,"comment_status":"closed","ping_status":"closed","template":"","meta":{"ocean_post_layout":"","ocean_both_sidebars_style":"","ocean_both_sidebars_content_width":0,"ocean_both_sidebars_sidebars_width":0,"ocean_sidebar":"","ocean_second_sidebar":"","ocean_disable_margins":"enable","ocean_add_body_class":"","ocean_shortcode_before_top_bar":"","ocean_shortcode_after_top_bar":"","ocean_shortcode_before_header":"","ocean_shortcode_after_header":"","ocean_has_shortcode":"","ocean_shortcode_after_title":"","ocean_shortcode_before_footer_widgets":"","ocean_shortcode_after_footer_widgets":"","ocean_shortcode_before_footer_bottom":"","ocean_shortcode_after_footer_bottom":"","ocean_display_top_bar":"default","ocean_display_header":"default","ocean_header_style":"","ocean_center_header_left_menu":"","ocean_custom_header_template":"","ocean_custom_logo":0,"ocean_custom_retina_logo":0,"ocean_custom_logo_max_width":0,"ocean_custom_logo_tablet_max_width":0,"ocean_custom_logo_mobile_max_width":0,"ocean_custom_logo_max_height":0,"ocean_custom_logo_tablet_max_height":0,"ocean_custom_logo_mobile_max_height":0,"ocean_header_custom_menu":"","ocean_menu_typo_font_family":"","ocean_menu_typo_font_subset":"","ocean_menu_typo_font_size":0,"ocean_menu_typo_font_size_tablet":0,"ocean_menu_typo_font_size_mobile":0,"ocean_menu_typo_font_size_unit":"px","ocean_menu_typo_font_weight":"","ocean_menu_typo_font_weight_tablet":"","ocean_menu_typo_font_weight_mobile":"","ocean_menu_typo_transform":"","ocean_menu_typo_transform_tablet":"","ocean_menu_typo_transform_mobile":"","ocean_menu_typo_line_height":0,"ocean_menu_typo_line_height_tablet":0,"ocean_menu_typo_line_height_mobile":0,"ocean_menu_typo_line_height_unit":"","ocean_menu_typo_spacing":0,"ocean_menu_typo_spacing_tablet":0,"ocean_menu_typo_spacing_mobile":0,"ocean_menu_typo_spacing_unit":"","ocean_menu_link_color":"","ocean_menu_link_color_hover":"","ocean_menu_link_color_active":"","ocean_menu_link_background":"","ocean_menu_link_hover_background":"","ocean_menu_link_active_background":"","ocean_menu_social_links_bg":"","ocean_menu_social_hover_links_bg":"","ocean_menu_social_links_color":"","ocean_menu_social_hover_links_color":"","ocean_disable_title":"default","ocean_disable_heading":"default","ocean_post_title":"","ocean_post_subheading":"","ocean_post_title_style":"","ocean_post_title_background_color":"","ocean_post_title_background":0,"ocean_post_title_bg_image_position":"","ocean_post_title_bg_image_attachment":"","ocean_post_title_bg_image_repeat":"","ocean_post_title_bg_image_size":"","ocean_post_title_height":0,"ocean_post_title_bg_overlay":0.5,"ocean_post_title_bg_overlay_color":"","ocean_disable_breadcrumbs":"default","ocean_breadcrumbs_color":"","ocean_breadcrumbs_separator_color":"","ocean_breadcrumbs_links_color":"","ocean_breadcrumbs_links_hover_color":"","ocean_display_footer_widgets":"default","ocean_display_footer_bottom":"default","ocean_custom_footer_template":"","footnotes":""},"class_list":["post-998","page","type-page","status-publish","hentry","entry"],"_links":{"self":[{"href":"https:\/\/www.antbirlik.com.tr\/index.php?rest_route=\/wp\/v2\/pages\/998","targetHints":{"allow":["GET"]}}],"collection":[{"href":"https:\/\/www.antbirlik.com.tr\/index.php?rest_route=\/wp\/v2\/pages"}],"about":[{"href":"https:\/\/www.antbirlik.com.tr\/index.php?rest_route=\/wp\/v2\/types\/page"}],"author":[{"embeddable":true,"href":"https:\/\/www.antbirlik.com.tr\/index.php?rest_route=\/wp\/v2\/users\/1"}],"replies":[{"embeddable":true,"href":"https:\/\/www.antbirlik.com.tr\/index.php?rest_route=%2Fwp%2Fv2%2Fcomments&post=998"}],"version-history":[{"count":1,"href":"https:\/\/www.antbirlik.com.tr\/index.php?rest_route=\/wp\/v2\/pages\/998\/revisions"}],"predecessor-version":[{"id":999,"href":"https:\/\/www.antbirlik.com.tr\/index.php?rest_route=\/wp\/v2\/pages\/998\/revisions\/999"}],"up":[{"embeddable":true,"href":"https:\/\/www.antbirlik.com.tr\/index.php?rest_route=\/wp\/v2\/pages\/990"}],"wp:attachment":[{"href":"https:\/\/www.antbirlik.com.tr\/index.php?rest_route=%2Fwp%2Fv2%2Fmedia&parent=998"}],"curies":[{"name":"wp","href":"https:\/\/api.w.org\/{rel}","templated":true}]}}